{"id":5171,"date":"2023-04-06T09:03:28","date_gmt":"2023-04-06T07:03:28","guid":{"rendered":"https:\/\/espacefemmes.org\/?page_id=5171"},"modified":"2024-09-10T13:00:07","modified_gmt":"2024-09-10T11:00:07","slug":"themen-aktivitaeten","status":"publish","type":"page","link":"https:\/\/espacefemmes.org\/de\/die-organisation\/themen-aktivitaeten\/","title":{"rendered":"Die Themen unserer Aktivit\u00e4ten"},"content":{"rendered":"\n<h1 class=\"wp-block-heading\">Die Themen unserer Aktivit\u00e4ten<\/h1>\n\n\n\n<div style=\"height:30px\" aria-hidden=\"true\" class=\"wp-block-spacer\"><\/div>\n\n\n\n<div class=\"wp-block-columns is-layout-flex wp-container-core-columns-is-layout-9d6595d7 wp-block-columns-is-layout-flex\">\n<div class=\"wp-block-column block-themes is-layout-flow wp-block-column-is-layout-flow\">\n<figure class=\"wp-block-image size-large is-resized\"><img decoding=\"async\" src=\"https:\/\/espacefemmes.org\/wp-content\/uploads\/2022\/06\/langues.svg\" alt=\"\" class=\"wp-image-130\" style=\"width:104px;height:75px\"\/><\/figure>\n\n\n\n<h2 class=\"wp-block-heading\">Sprachen<\/h2>\n\n\n\n<p>Wir bieten Deutsch- und Franz\u00f6sischkurse an. Der Unterricht findet in kleinen Gruppen von 5 bis 15 Personen und in einer freundlichen Atmosph\u00e4re statt. Die Kurseinschreibung erfolgt nach einem kurzen Gespr\u00e4ch zum gegenseitigen Kennenlernen und zur Bestimmung des Niveaus.<\/p>\n\n\n\n<p>In den Kursen erwerben die Teilnehmerinnen Sprachkenntnisse in verschiedenen Handlungsfeldern, wie Gesundheit, Wohnen, Eink\u00e4ufe, Kinder, Arbeit etc. Sie lernen, wie die Schweiz funktioniert und wie sie sich im Alltag leichter und besser zurechtfinden k\u00f6nnen (gem\u00e4ss des&nbsp;<a href=\"https:\/\/fide-info.ch\/de\/home\" target=\"_blank\" rel=\"noreferrer noopener\">fide<\/a>-Konzepts, https:\/\/fide-info.ch\/de\/home). Der Umgang mit digitalen Hilfsmitteln ist integraler Teil der Kurse.<\/p>\n\n\n\n<p>Die Sprachkurse reichen vom Niveau Alphabetisierung bis B1.<\/p>\n\n\n\n<p>Die Alphabetisierungskurse werden auf 3 Niveaus angeboten und erm\u00f6glichen Frauen mit geringer oder ohne Schulbildung, in das Lesen und Schreiben einzusteigen und im Alltag Selbstst\u00e4ndigkeit zu erlangen.<\/p>\n\n\n\n<p><br>Die Teilnehmerinnen der Sprachkurse sind grunds\u00e4tzlich f\u00fcr das ganze Schuljahr eingeschrieben.<br>Es ist jedoch m\u00f6glich, w\u00e4hrend des laufenden Jahres einzusteigen. In den Schulferien finden keine Kurse statt. &nbsp;<\/p>\n\n\n\n<p>Teilnehmerinnen, die w\u00e4hrend mindestens drei Kursmonaten mit einer Quote von 80% anwesend waren, erhalten eine Teilnahmebescheinigung. Die Konversationsateliers erg\u00e4nzen das Angebot und bieten Raum f\u00fcr die Anwendung der Sprachkenntnisse in Gruppen von 5 bis 15 Frauen.<\/p>\n\n\n\n<div class=\"wp-block-columns is-layout-flex wp-container-core-columns-is-layout-9d6595d7 wp-block-columns-is-layout-flex\">\n<div class=\"wp-block-column is-layout-flow wp-block-column-is-layout-flow\">\n<p><strong><a href=\"https:\/\/espacefemmes.org\/wp-content\/uploads\/2023\/02\/2022_eduQua_Certificate_20788_de.png\" data-type=\"URL\" data-id=\"https:\/\/espacefemmes.org\/wp-content\/uploads\/2023\/02\/2022_eduQua_Certificate_20788_de.png\">Der Verein ist zertifiziert<\/a><\/strong><\/p>\n<\/div>\n\n\n\n<div class=\"wp-block-column is-layout-flow wp-block-column-is-layout-flow\">\n<figure class=\"wp-block-image size-large is-resized\"><a href=\"https:\/\/espacefemmes.org\/wp-content\/uploads\/2023\/02\/2022_eduQua_Certificate_20788_de.png\" target=\"_blank\" rel=\"noreferrer noopener\"><img decoding=\"async\" src=\"http:\/\/espacefemmes.org\/wp-content\/uploads\/2022\/06\/eduqua-1.svg\" alt=\"\" class=\"wp-image-138\" style=\"width:128px;height:48px\"\/><\/a><\/figure>\n<\/div>\n<\/div>\n\n\n\n<div class=\"wp-block-buttons is-content-justification-center is-layout-flex wp-container-core-buttons-is-layout-14c487f4 wp-block-buttons-is-layout-flex\">\n<div class=\"wp-block-button fonce\"><a class=\"wp-block-button__link has-white-color has-text-color wp-element-button\" href=\"https:\/\/espacefemmes.org\/de\/aktivitaeten\/?themes[]=sprachen\">Die Aktivit\u00e4ten anschauen<\/a><\/div>\n<\/div>\n<\/div>\n\n\n\n<div class=\"wp-block-column block-themes is-layout-flow wp-block-column-is-layout-flow\">\n<figure class=\"wp-block-image size-large is-resized\"><img decoding=\"async\" src=\"https:\/\/espacefemmes.org\/wp-content\/uploads\/2022\/06\/ordinateur.svg\" alt=\"\" class=\"wp-image-132\" style=\"width:104px;height:75px\"\/><\/figure>\n\n\n\n<h2 class=\"wp-block-heading\">IKT \u2013 Computer, Smartphone und Internet<\/h2>\n\n\n\n<p><strong>IKT: Informations- und Kommunikationstechnologien<\/strong><\/p>\n\n\n\n<p>Wir bieten begleitetes Lernen an zum (besseren) Umgang mit einem Computer, einem Smartphone oder einem Tablett. Die Teilnehmerinnen machen sich mit digitalen Hilfsmitteln vertraut und lernen, sie im Alltag zu nutzen (E-Banking, soziale Netzwerke, Sicherheit im Internet, etc.).<\/p>\n\n\n\n<p>W\u00e4hrend der \u00d6ffnungszeiten stehen frei zug\u00e4ngliche Computer zur Verf\u00fcgung. Ausdrucken und Kopieren ist kostenpflichtig.<\/p>\n\n\n\n<div class=\"wp-block-columns is-layout-flex wp-container-core-columns-is-layout-9d6595d7 wp-block-columns-is-layout-flex\">\n<div class=\"wp-block-column is-layout-flow wp-block-column-is-layout-flow\" style=\"flex-basis:33.33%\"><div class=\"wp-block-image\">\n<figure class=\"aligncenter size-full is-resized\"><img decoding=\"async\" width=\"694\" height=\"694\" src=\"https:\/\/espacefemmes.org\/wp-content\/uploads\/2022\/07\/aubergine-picto-poussette.png\" alt=\"pictogramme poussette\" class=\"wp-image-5909\" style=\"width:50px\" srcset=\"https:\/\/espacefemmes.org\/wp-content\/uploads\/2022\/07\/aubergine-picto-poussette.png 694w, https:\/\/espacefemmes.org\/wp-content\/uploads\/2022\/07\/aubergine-picto-poussette-300x300.png 300w, https:\/\/espacefemmes.org\/wp-content\/uploads\/2022\/07\/aubergine-picto-poussette-150x150.png 150w\" sizes=\"(max-width: 694px) 100vw, 694px\" \/><\/figure><\/div><\/div>\n\n\n\n<div class=\"wp-block-column is-vertically-aligned-center is-layout-flow wp-block-column-is-layout-flow\" style=\"flex-basis:66.66%\">\n<p>Kinderraum auf Anmeldung zur Verf\u00fcgung<\/p>\n<\/div>\n<\/div>\n\n\n\n<div class=\"wp-block-buttons is-content-justification-center is-layout-flex wp-container-core-buttons-is-layout-16018d1d wp-block-buttons-is-layout-flex\">\n<div class=\"wp-block-button\"><a class=\"wp-block-button__link wp-element-button\" href=\"https:\/\/espacefemmes.org\/wp-content\/uploads\/2024\/09\/Frei-zugangligche-computer-Tri_1.png\" target=\"_blank\" rel=\"noreferrer noopener\">Flyer Frei-zug\u00e4ngliche Computer<\/a><\/div>\n<\/div>\n\n\n\n<div class=\"wp-block-buttons is-content-justification-center is-layout-flex wp-container-core-buttons-is-layout-14c487f4 wp-block-buttons-is-layout-flex\">\n<div class=\"wp-block-button fonce\"><a class=\"wp-block-button__link has-white-color has-text-color wp-element-button\" href=\"https:\/\/espacefemmes.org\/de\/aktivitaeten\/?themes[]=ikt-computer-smartphone-und-internet\">Die Aktivit\u00e4ten anschauen<\/a><\/div>\n<\/div>\n<\/div>\n<\/div>\n\n\n\n<div class=\"wp-block-columns is-layout-flex wp-container-core-columns-is-layout-9d6595d7 wp-block-columns-is-layout-flex\">\n<div class=\"wp-block-column block-themes is-layout-flow wp-block-column-is-layout-flow\">\n<figure class=\"wp-block-image size-large is-resized\"><img decoding=\"async\" src=\"https:\/\/espacefemmes.org\/wp-content\/uploads\/2022\/06\/finance.svg\" alt=\"\" class=\"wp-image-128\" style=\"width:104px;height:75px\"\/><\/figure>\n\n\n\n<h2 class=\"wp-block-heading\">Finanzen, Stellensuche und Administratives<\/h2>\n\n\n\n<p>Spezialistinnen ihres Gebiets leiten Ateliers und Kurse, in denen die Teilnehmerinnen besser vertraut werden mit der Arbeitswelt, den Ausbildungsm\u00f6glichkeiten, den Sozialversicherungen oder den Verwaltungsinstitutionen der Schweiz.<\/p>\n\n\n\n<p>Diese Aktivit\u00e4ten unterst\u00fctzen die Teilnehmerinnen darin, im beruflichen und privaten Leben weiterzukommen, unabh\u00e4ngiger zu werden und zu wissen, wo sie sich informieren k\u00f6nnen.<\/p>\n\n\n\n<div class=\"wp-block-buttons is-content-justification-center is-layout-flex wp-container-core-buttons-is-layout-16018d1d wp-block-buttons-is-layout-flex\">\n<div class=\"wp-block-button fonce\"><a class=\"wp-block-button__link has-white-color has-text-color wp-element-button\" href=\"https:\/\/espacefemmes.org\/de\/aktivitaeten\/?themes[]=finanzen-stellensuche-und-administratives\">Die Aktivit\u00e4ten anschauen<\/a><\/div>\n<\/div>\n<\/div>\n\n\n\n<div class=\"wp-block-column block-themes is-layout-flow wp-block-column-is-layout-flow\">\n<figure class=\"wp-block-image size-large is-resized\"><img decoding=\"async\" src=\"https:\/\/espacefemmes.org\/wp-content\/uploads\/2022\/06\/sante.svg\" alt=\"\" class=\"wp-image-136\" style=\"width:104px;height:75px\"\/><\/figure>\n\n\n\n<h2 class=\"wp-block-heading\">Gesundheit der Frauen<\/h2>\n\n\n\n<p>Die Aktivit\u00e4ten zum k\u00f6rperlichen und psychischen Wohlbefinden basieren auf einem globalen Verst\u00e4ndnis der Gesundheit der Frauen und vermitteln Kenntnisse zur positiven Wahrnehmung des eigenen K\u00f6rpers in jeder Lebensphase.<\/p>\n\n\n\n<p>Die verschiedenen w\u00f6chtenlichen Kurse spornen dazu an, sich zu bewegen, sich zu st\u00e4rken und Spass zu haben. In einzelnen Ateliers erhalten die Teilnehmerinnen Informationen und Kenntnisse zu ihrer Gesundheit und ihrem Intimleben.<\/p>\n\n\n\n<div class=\"wp-block-buttons is-content-justification-center is-layout-flex wp-container-core-buttons-is-layout-16018d1d wp-block-buttons-is-layout-flex\">\n<div class=\"wp-block-button fonce\"><a class=\"wp-block-button__link has-white-color has-text-color wp-element-button\" href=\"https:\/\/espacefemmes.org\/de\/aktivitaeten\/?themes[]=gesundheit-der-frauen\">Die Aktivit\u00e4ten anschauen<\/a><\/div>\n<\/div>\n<\/div>\n<\/div>\n\n\n\n<div class=\"wp-block-columns is-layout-flex wp-container-core-columns-is-layout-9d6595d7 wp-block-columns-is-layout-flex\">\n<div class=\"wp-block-column block-themes is-layout-flow wp-block-column-is-layout-flow\">\n<figure class=\"wp-block-image size-large is-resized\"><img decoding=\"async\" src=\"https:\/\/espacefemmes.org\/wp-content\/uploads\/2022\/06\/rencontre.svg\" alt=\"\" class=\"wp-image-134\" style=\"width:104px;height:75px\"\/><\/figure>\n\n\n\n<h2 class=\"wp-block-heading\">Begegnung, Entdeckung und Kreativit\u00e4t<\/h2>\n\n\n\n<p>Der Verein ist vor allem anderen ein Ort der Begegnung mit anderen Frauen* und des Austauschs von Erfahrungen. <\/p>\n\n\n\n<p>Zahlreiche Aktivit\u00e4ten laden die Teilnehmerinnen ein, Neues kennen zu lernen, Freiburg zu entdecken, die Kreativit\u00e4t zu f\u00f6rdern oder einfach in einer Gruppe Spass zu haben.<\/p>\n\n\n\n<div class=\"wp-block-buttons is-content-justification-center is-layout-flex wp-container-core-buttons-is-layout-16018d1d wp-block-buttons-is-layout-flex\">\n<div class=\"wp-block-button fonce\"><a class=\"wp-block-button__link has-white-color has-text-color wp-element-button\" href=\"https:\/\/espacefemmes.org\/de\/aktivitaeten\/?themes[]=begegnung-entdeckung-und-kreativitat\">Die Aktivit\u00e4ten anschauen<\/a><\/div>\n<\/div>\n<\/div>\n\n\n\n<div class=\"wp-block-column block-themes is-layout-flow wp-block-column-is-layout-flow\">\n<figure class=\"wp-block-image size-large is-resized\"><img decoding=\"async\" src=\"https:\/\/espacefemmes.org\/wp-content\/uploads\/2022\/06\/evenements.svg\" alt=\"\" class=\"wp-image-140\" style=\"width:104px;height:75px\"\/><\/figure>\n\n\n\n<h2 class=\"wp-block-heading\">Events und Feminismen<\/h2>\n\n\n\n<p>espacefemmes-frauenraum organisiert und nimmt teil an verschiedenen Anl\u00e4ssen f\u00fcr eine gleichberechtigte Gesellschaft.<br>Das Empowerment der Frauen ist ein Kernanliegen des Vereins mit feministischer Agenda, in Partnerschaft mit Akteur innen, welche die gleichen Werte vertreten.<\/p>\n\n\n\n<p><br>Vorschl\u00e4ge zur Zusammenarbeit, zu Aktivit\u00e4ten oder Anl\u00e4ssen sind willkommen, um gemeinsam voranzukommen.<\/p>\n\n\n\n<div class=\"wp-block-buttons is-content-justification-center is-layout-flex wp-container-core-buttons-is-layout-14c487f4 wp-block-buttons-is-layout-flex\">\n<div class=\"wp-block-button fonce\"><a class=\"wp-block-button__link has-white-color has-text-color wp-element-button\" href=\"https:\/\/espacefemmes.org\/de\/aktivitaeten\/?themes[]=events-und-feminismen\">Die Aktivit\u00e4ten anschauen<\/a><\/div>\n<\/div>\n<\/div>\n<\/div>\n\n\n\n<div class=\"wp-block-columns is-layout-flex wp-container-core-columns-is-layout-9d6595d7 wp-block-columns-is-layout-flex\">\n<div class=\"wp-block-column block-themes is-layout-flow wp-block-column-is-layout-flow\">\n<figure class=\"wp-block-image size-large is-resized\"><img decoding=\"async\" src=\"https:\/\/espacefemmes.org\/wp-content\/uploads\/2022\/06\/familles.svg\" alt=\"\" class=\"wp-image-142\" style=\"width:104px;height:75px\"\/><\/figure>\n\n\n\n<h2 class=\"wp-block-heading\">Kinder und Familien<\/h2>\n\n\n\n<p>Im Kinderraum werden die Kinder betreut, w\u00e4hrend die M\u00fctter an Sprachkursen oder an bestimmten Aktivit\u00e4ten teilnehmen. Die Kinder werden hier in ihrer Sozialisierung und der Entwicklung von Kompetenzen unterst\u00fctzt, damit der Schuleintritt leichterf\u00e4llt. Fremdsprachige Kinder erwerben erste Franz\u00f6sischkenntnisse.<\/p>\n\n\n\n<p>Aktivit\u00e4ten und Mutter-Kind-Ausfl\u00fcge bieten M\u00f6glichkeiten der Begegnung mit anderen Familien und M\u00fcttern. Die Teilnehmerinnen lernen geeignete Orte f\u00fcr die Kinder in Freiburg kennen und erleben besondere Momente zu einem kleinen Preis.<\/p>\n\n\n\n<p>Die Ateliers \u00fcber Erziehung \u2013 wovon einige auch f\u00fcr V\u00e4ter offen sind \u2013 widmen sich der Reflexion und dem Austausch in Erziehungsfragen mit Fachleuten und anderen Eltern.<\/p>\n\n\n\n<div class=\"wp-block-buttons is-content-justification-center is-layout-flex wp-container-core-buttons-is-layout-16018d1d wp-block-buttons-is-layout-flex\">\n<div class=\"wp-block-button fonce\"><a class=\"wp-block-button__link has-white-color has-text-color wp-element-button\" href=\"https:\/\/espacefemmes.org\/de\/aktivitaeten\/?themes[]=kinder-und-familien\">Die Aktivit\u00e4ten anschauen<\/a><\/div>\n<\/div>\n<\/div>\n<\/div>\n","protected":false},"excerpt":{"rendered":"<p>Die Themen unserer Aktivit\u00e4ten Sprachen Wir bieten Deutsch- und Franz\u00f6sischkurse an. Der Unterricht findet in kleinen Gruppen von 5 bis 15 Personen und in einer freundlichen Atmosph\u00e4re statt. Die Kurseinschreibung erfolgt nach einem kurzen Gespr\u00e4ch zum gegenseitigen Kennenlernen und zur Bestimmung des Niveaus. In den Kursen erwerben die Teilnehmerinnen Sprachkenntnisse in verschiedenen Handlungsfeldern, wie Gesundheit, [&hellip;]<\/p>\n","protected":false},"author":16,"featured_media":2128,"parent":1923,"menu_order":0,"comment_status":"closed","ping_status":"closed","template":"","meta":{"inline_featured_image":false,"footnotes":""},"class_list":["post-5171","page","type-page","status-publish","has-post-thumbnail","hentry"],"yoast_head":"<!-- This site is optimized with the Yoast SEO plugin v27.3 - https:\/\/yoast.com\/product\/yoast-seo-wordpress\/ -->\n<title>Die Themen unserer Aktivit\u00e4ten - espacefemmes-frauenraum<\/title>\n<meta name=\"robots\" content=\"index, follow, max-snippet:-1, max-image-preview:large, max-video-preview:-1\" \/>\n<link rel=\"canonical\" href=\"https:\/\/espacefemmes.org\/de\/die-organisation\/themen-aktivitaeten\/\" \/>\n<meta property=\"og:locale\" content=\"de_DE\" \/>\n<meta property=\"og:type\" content=\"article\" \/>\n<meta property=\"og:title\" content=\"Die Themen unserer Aktivit\u00e4ten - espacefemmes-frauenraum\" \/>\n<meta property=\"og:description\" content=\"Die Themen unserer Aktivit\u00e4ten Sprachen Wir bieten Deutsch- und Franz\u00f6sischkurse an. Der Unterricht findet in kleinen Gruppen von 5 bis 15 Personen und in einer freundlichen Atmosph\u00e4re statt. Die Kurseinschreibung erfolgt nach einem kurzen Gespr\u00e4ch zum gegenseitigen Kennenlernen und zur Bestimmung des Niveaus. In den Kursen erwerben die Teilnehmerinnen Sprachkenntnisse in verschiedenen Handlungsfeldern, wie Gesundheit, [&hellip;]\" \/>\n<meta property=\"og:url\" content=\"https:\/\/espacefemmes.org\/de\/die-organisation\/themen-aktivitaeten\/\" \/>\n<meta property=\"og:site_name\" content=\"espacefemmes-frauenraum\" \/>\n<meta property=\"article:modified_time\" content=\"2024-09-10T11:00:07+00:00\" \/>\n<meta property=\"og:image\" content=\"https:\/\/espacefemmes.org\/wp-content\/uploads\/2022\/08\/espacefemmes-header-femmes-graphiques-2.png\" \/>\n\t<meta property=\"og:image:width\" content=\"2200\" \/>\n\t<meta property=\"og:image:height\" content=\"500\" \/>\n\t<meta property=\"og:image:type\" content=\"image\/png\" \/>\n<meta name=\"twitter:card\" content=\"summary_large_image\" \/>\n<meta name=\"twitter:label1\" content=\"Gesch\u00e4tzte Lesezeit\" \/>\n\t<meta name=\"twitter:data1\" content=\"6\u00a0Minuten\" \/>\n<script type=\"application\/ld+json\" class=\"yoast-schema-graph\">{\"@context\":\"https:\\\/\\\/schema.org\",\"@graph\":[{\"@type\":\"WebPage\",\"@id\":\"https:\\\/\\\/espacefemmes.org\\\/de\\\/die-organisation\\\/themen-aktivitaeten\\\/\",\"url\":\"https:\\\/\\\/espacefemmes.org\\\/de\\\/die-organisation\\\/themen-aktivitaeten\\\/\",\"name\":\"Die Themen unserer Aktivit\u00e4ten - espacefemmes-frauenraum\",\"isPartOf\":{\"@id\":\"https:\\\/\\\/espacefemmes.org\\\/#website\"},\"primaryImageOfPage\":{\"@id\":\"https:\\\/\\\/espacefemmes.org\\\/de\\\/die-organisation\\\/themen-aktivitaeten\\\/#primaryimage\"},\"image\":{\"@id\":\"https:\\\/\\\/espacefemmes.org\\\/de\\\/die-organisation\\\/themen-aktivitaeten\\\/#primaryimage\"},\"thumbnailUrl\":\"https:\\\/\\\/espacefemmes.org\\\/wp-content\\\/uploads\\\/2022\\\/08\\\/espacefemmes-header-femmes-graphiques-2.png\",\"datePublished\":\"2023-04-06T07:03:28+00:00\",\"dateModified\":\"2024-09-10T11:00:07+00:00\",\"breadcrumb\":{\"@id\":\"https:\\\/\\\/espacefemmes.org\\\/de\\\/die-organisation\\\/themen-aktivitaeten\\\/#breadcrumb\"},\"inLanguage\":\"de\",\"potentialAction\":[{\"@type\":\"ReadAction\",\"target\":[\"https:\\\/\\\/espacefemmes.org\\\/de\\\/die-organisation\\\/themen-aktivitaeten\\\/\"]}]},{\"@type\":\"ImageObject\",\"inLanguage\":\"de\",\"@id\":\"https:\\\/\\\/espacefemmes.org\\\/de\\\/die-organisation\\\/themen-aktivitaeten\\\/#primaryimage\",\"url\":\"https:\\\/\\\/espacefemmes.org\\\/wp-content\\\/uploads\\\/2022\\\/08\\\/espacefemmes-header-femmes-graphiques-2.png\",\"contentUrl\":\"https:\\\/\\\/espacefemmes.org\\\/wp-content\\\/uploads\\\/2022\\\/08\\\/espacefemmes-header-femmes-graphiques-2.png\",\"width\":2200,\"height\":500},{\"@type\":\"BreadcrumbList\",\"@id\":\"https:\\\/\\\/espacefemmes.org\\\/de\\\/die-organisation\\\/themen-aktivitaeten\\\/#breadcrumb\",\"itemListElement\":[{\"@type\":\"ListItem\",\"position\":1,\"name\":\"Home\",\"item\":\"https:\\\/\\\/espacefemmes.org\\\/de\\\/\"},{\"@type\":\"ListItem\",\"position\":2,\"name\":\"Die Organisation\",\"item\":\"https:\\\/\\\/espacefemmes.org\\\/de\\\/die-organisation\\\/\"},{\"@type\":\"ListItem\",\"position\":3,\"name\":\"Die Themen unserer Aktivit\u00e4ten\"}]},{\"@type\":\"WebSite\",\"@id\":\"https:\\\/\\\/espacefemmes.org\\\/#website\",\"url\":\"https:\\\/\\\/espacefemmes.org\\\/\",\"name\":\"espacefemmes-frauenraum\",\"description\":\"S\u2019informer, se former, s\u2019affirmer\",\"potentialAction\":[{\"@type\":\"SearchAction\",\"target\":{\"@type\":\"EntryPoint\",\"urlTemplate\":\"https:\\\/\\\/espacefemmes.org\\\/?s={search_term_string}\"},\"query-input\":{\"@type\":\"PropertyValueSpecification\",\"valueRequired\":true,\"valueName\":\"search_term_string\"}}],\"inLanguage\":\"de\"}]}<\/script>\n<!-- \/ Yoast SEO plugin. -->","yoast_head_json":{"title":"Die Themen unserer Aktivit\u00e4ten - espacefemmes-frauenraum","robots":{"index":"index","follow":"follow","max-snippet":"max-snippet:-1","max-image-preview":"max-image-preview:large","max-video-preview":"max-video-preview:-1"},"canonical":"https:\/\/espacefemmes.org\/de\/die-organisation\/themen-aktivitaeten\/","og_locale":"de_DE","og_type":"article","og_title":"Die Themen unserer Aktivit\u00e4ten - espacefemmes-frauenraum","og_description":"Die Themen unserer Aktivit\u00e4ten Sprachen Wir bieten Deutsch- und Franz\u00f6sischkurse an. Der Unterricht findet in kleinen Gruppen von 5 bis 15 Personen und in einer freundlichen Atmosph\u00e4re statt. Die Kurseinschreibung erfolgt nach einem kurzen Gespr\u00e4ch zum gegenseitigen Kennenlernen und zur Bestimmung des Niveaus. In den Kursen erwerben die Teilnehmerinnen Sprachkenntnisse in verschiedenen Handlungsfeldern, wie Gesundheit, [&hellip;]","og_url":"https:\/\/espacefemmes.org\/de\/die-organisation\/themen-aktivitaeten\/","og_site_name":"espacefemmes-frauenraum","article_modified_time":"2024-09-10T11:00:07+00:00","og_image":[{"width":2200,"height":500,"url":"https:\/\/espacefemmes.org\/wp-content\/uploads\/2022\/08\/espacefemmes-header-femmes-graphiques-2.png","type":"image\/png"}],"twitter_card":"summary_large_image","twitter_misc":{"Gesch\u00e4tzte Lesezeit":"6\u00a0Minuten"},"schema":{"@context":"https:\/\/schema.org","@graph":[{"@type":"WebPage","@id":"https:\/\/espacefemmes.org\/de\/die-organisation\/themen-aktivitaeten\/","url":"https:\/\/espacefemmes.org\/de\/die-organisation\/themen-aktivitaeten\/","name":"Die Themen unserer Aktivit\u00e4ten - espacefemmes-frauenraum","isPartOf":{"@id":"https:\/\/espacefemmes.org\/#website"},"primaryImageOfPage":{"@id":"https:\/\/espacefemmes.org\/de\/die-organisation\/themen-aktivitaeten\/#primaryimage"},"image":{"@id":"https:\/\/espacefemmes.org\/de\/die-organisation\/themen-aktivitaeten\/#primaryimage"},"thumbnailUrl":"https:\/\/espacefemmes.org\/wp-content\/uploads\/2022\/08\/espacefemmes-header-femmes-graphiques-2.png","datePublished":"2023-04-06T07:03:28+00:00","dateModified":"2024-09-10T11:00:07+00:00","breadcrumb":{"@id":"https:\/\/espacefemmes.org\/de\/die-organisation\/themen-aktivitaeten\/#breadcrumb"},"inLanguage":"de","potentialAction":[{"@type":"ReadAction","target":["https:\/\/espacefemmes.org\/de\/die-organisation\/themen-aktivitaeten\/"]}]},{"@type":"ImageObject","inLanguage":"de","@id":"https:\/\/espacefemmes.org\/de\/die-organisation\/themen-aktivitaeten\/#primaryimage","url":"https:\/\/espacefemmes.org\/wp-content\/uploads\/2022\/08\/espacefemmes-header-femmes-graphiques-2.png","contentUrl":"https:\/\/espacefemmes.org\/wp-content\/uploads\/2022\/08\/espacefemmes-header-femmes-graphiques-2.png","width":2200,"height":500},{"@type":"BreadcrumbList","@id":"https:\/\/espacefemmes.org\/de\/die-organisation\/themen-aktivitaeten\/#breadcrumb","itemListElement":[{"@type":"ListItem","position":1,"name":"Home","item":"https:\/\/espacefemmes.org\/de\/"},{"@type":"ListItem","position":2,"name":"Die Organisation","item":"https:\/\/espacefemmes.org\/de\/die-organisation\/"},{"@type":"ListItem","position":3,"name":"Die Themen unserer Aktivit\u00e4ten"}]},{"@type":"WebSite","@id":"https:\/\/espacefemmes.org\/#website","url":"https:\/\/espacefemmes.org\/","name":"espacefemmes-frauenraum","description":"S\u2019informer, se former, s\u2019affirmer","potentialAction":[{"@type":"SearchAction","target":{"@type":"EntryPoint","urlTemplate":"https:\/\/espacefemmes.org\/?s={search_term_string}"},"query-input":{"@type":"PropertyValueSpecification","valueRequired":true,"valueName":"search_term_string"}}],"inLanguage":"de"}]}},"meta_box":[],"_links":{"self":[{"href":"https:\/\/espacefemmes.org\/de\/wp-json\/wp\/v2\/pages\/5171","targetHints":{"allow":["GET"]}}],"collection":[{"href":"https:\/\/espacefemmes.org\/de\/wp-json\/wp\/v2\/pages"}],"about":[{"href":"https:\/\/espacefemmes.org\/de\/wp-json\/wp\/v2\/types\/page"}],"author":[{"embeddable":true,"href":"https:\/\/espacefemmes.org\/de\/wp-json\/wp\/v2\/users\/16"}],"replies":[{"embeddable":true,"href":"https:\/\/espacefemmes.org\/de\/wp-json\/wp\/v2\/comments?post=5171"}],"version-history":[{"count":15,"href":"https:\/\/espacefemmes.org\/de\/wp-json\/wp\/v2\/pages\/5171\/revisions"}],"predecessor-version":[{"id":8628,"href":"https:\/\/espacefemmes.org\/de\/wp-json\/wp\/v2\/pages\/5171\/revisions\/8628"}],"up":[{"embeddable":true,"href":"https:\/\/espacefemmes.org\/de\/wp-json\/wp\/v2\/pages\/1923"}],"wp:featuredmedia":[{"embeddable":true,"href":"https:\/\/espacefemmes.org\/de\/wp-json\/wp\/v2\/media\/2128"}],"wp:attachment":[{"href":"https:\/\/espacefemmes.org\/de\/wp-json\/wp\/v2\/media?parent=5171"}],"curies":[{"name":"wp","href":"https:\/\/api.w.org\/{rel}","templated":true}]}}