{"id":368,"date":"2022-06-10T14:04:12","date_gmt":"2022-06-10T12:04:12","guid":{"rendered":"https:\/\/espacefemmes.org\/espace-enfants\/"},"modified":"2022-11-08T08:42:37","modified_gmt":"2022-11-08T07:42:37","slug":"kinderraum","status":"publish","type":"page","link":"https:\/\/espacefemmes.org\/de\/kinderraum\/","title":{"rendered":"Kinderraum"},"content":{"rendered":"\n<div class=\"wp-block-columns mb50 is-layout-flex wp-container-core-columns-is-layout-9d6595d7 wp-block-columns-is-layout-flex\">\n<div class=\"wp-block-column is-layout-flow wp-block-column-is-layout-flow\" style=\"flex-basis:66.66%\">\n<h2 class=\"wp-block-heading\">Diese Betreuungseinrichtung f\u00fcr Kinder im Vorschulalter ist in unsere R\u00e4umlichkeiten in Freiburg integriert. Sie erm\u00f6glicht den Nutzerinnen die Teilnahme an den Aktivit\u00e4ten des Vereins und bietet ihren Kindern einen Ort der Sozialisierung und die M\u00f6glichkeit, schon fr\u00fch die franz\u00f6sische Sprache zu lernen.<\/h2>\n<\/div>\n\n\n\n<div class=\"wp-block-column is-layout-flow wp-block-column-is-layout-flow\" style=\"flex-basis:33.33%\"><\/div>\n<\/div>\n\n\n\n<div class=\"wp-block-columns is-layout-flex wp-container-core-columns-is-layout-9d6595d7 wp-block-columns-is-layout-flex\">\n<div class=\"wp-block-column is-layout-flow wp-block-column-is-layout-flow\">\n<p>Der<strong>&nbsp;<\/strong>Kinderraum<strong>&nbsp;<\/strong>ist ein wichtiger Sozialisierungsort. Der erste Betreuungstag ist oft auch die erste Trennung des Kindes von seiner Mutter. Es entdeckt einen unbekannten Ort, neue Personen und Regeln, die anders sind als zu Hause. Nach und nach fassen die Kinder <strong>Vertrauen <\/strong>und werden <strong>selbst\u00e4ndiger<\/strong>.<br>&nbsp;<br>Diese fr\u00fche <strong>Sozialisierung <\/strong>f\u00f6rdert die Entwicklung kognitiver und sozialer Kompetenzen sowie lernf\u00f6rdernder Eigenschaften wie Durchhalteverm\u00f6gen, Konzentration, Motivation und Selbstvertrauen. Die Kinder sind auf den Schuleintritt vorbereitet und gehen diesen wichtigen Schritt gelassen an.<br>&nbsp;<br>Zudem sensibilisiert der Kinderraum die kleinen Kinder f\u00fcr die Thematik von kulturellen Unterschieden, wobei er ihre <strong>Herkunftskultur und -sprache<\/strong> aufwertet. Die Kinder entdecken <strong>lokale Traditionen<\/strong>, indem sie sich zum Beispiel zu Fasnacht verkleiden oder Besuch vom St. Nikolaus erhalten.<br>&nbsp;<br>&nbsp;<\/p>\n<\/div>\n\n\n\n<div class=\"wp-block-column is-layout-flow wp-block-column-is-layout-flow\">\n<p>Der Kinderraum ist ganzj\u00e4hrig ge\u00f6ffnet, ausser in den Schulferien und an den Freiburger Feiertagen. Die \u00d6ffnungszeiten richten sich nach den Aktivit\u00e4ten, f\u00fcr die der Kinderraum zur Verf\u00fcgung steht.<\/p>\n\n\n\n<p>Er steht M\u00fcttern zur Verf\u00fcgung, die an einem Sprachkurs oder bestimmten Aktivit\u00e4ten teilnehmen. Auf Anfrage k\u00f6nnen auch Kinder betreut werden, deren M\u00fctter zu einem Beratungsgespr\u00e4ch da sind. Eine Betreuung ist nur nach Voranmeldung m\u00f6glich (Kinder von 0 bis 4 Jahren, bei Schulferien bis zu 6 Jahren).<br><br>\u00a0<\/p>\n<\/div>\n<\/div>\n\n\n\n<figure class=\"wp-block-gallery has-nested-images columns-default is-cropped wp-block-gallery-1 is-layout-flex wp-block-gallery-is-layout-flex\">\n<figure class=\"wp-block-image size-large\"><img decoding=\"async\" width=\"2560\" height=\"1884\" data-id=\"104\" src=\"http:\/\/espacefemmes.org\/wp-content\/uploads\/2022\/06\/Danse-et-musique-en-famille-6-1-scaled.jpg\" alt=\"\" class=\"wp-image-104\" srcset=\"https:\/\/espacefemmes.org\/wp-content\/uploads\/2022\/06\/Danse-et-musique-en-famille-6-1-scaled.jpg 2560w, https:\/\/espacefemmes.org\/wp-content\/uploads\/2022\/06\/Danse-et-musique-en-famille-6-1-300x221.jpg 300w, https:\/\/espacefemmes.org\/wp-content\/uploads\/2022\/06\/Danse-et-musique-en-famille-6-1-1024x754.jpg 1024w, https:\/\/espacefemmes.org\/wp-content\/uploads\/2022\/06\/Danse-et-musique-en-famille-6-1-768x565.jpg 768w, https:\/\/espacefemmes.org\/wp-content\/uploads\/2022\/06\/Danse-et-musique-en-famille-6-1-1536x1131.jpg 1536w, https:\/\/espacefemmes.org\/wp-content\/uploads\/2022\/06\/Danse-et-musique-en-famille-6-1-2048x1507.jpg 2048w\" sizes=\"(max-width: 2560px) 100vw, 2560px\" \/><\/figure>\n\n\n\n<figure class=\"wp-block-image size-large\"><img decoding=\"async\" width=\"1024\" height=\"943\" data-id=\"3102\" src=\"https:\/\/espacefemmes.org\/wp-content\/uploads\/2022\/08\/DSC0573_recadree-e1660911179277-1024x943.jpg\" alt=\"\" class=\"wp-image-3102\" srcset=\"https:\/\/espacefemmes.org\/wp-content\/uploads\/2022\/08\/DSC0573_recadree-e1660911179277-1024x943.jpg 1024w, https:\/\/espacefemmes.org\/wp-content\/uploads\/2022\/08\/DSC0573_recadree-e1660911179277-300x276.jpg 300w, https:\/\/espacefemmes.org\/wp-content\/uploads\/2022\/08\/DSC0573_recadree-e1660911179277-768x707.jpg 768w, https:\/\/espacefemmes.org\/wp-content\/uploads\/2022\/08\/DSC0573_recadree-e1660911179277.jpg 1280w\" sizes=\"(max-width: 1024px) 100vw, 1024px\" \/><\/figure>\n\n\n\n<figure class=\"wp-block-image size-large\"><img decoding=\"async\" width=\"1920\" height=\"1280\" data-id=\"929\" src=\"http:\/\/espacefemmes.org\/wp-content\/uploads\/2022\/07\/espace-enfants_Linet-Szyling_13.jpg\" alt=\"\" class=\"wp-image-929\" srcset=\"https:\/\/espacefemmes.org\/wp-content\/uploads\/2022\/07\/espace-enfants_Linet-Szyling_13.jpg 1920w, https:\/\/espacefemmes.org\/wp-content\/uploads\/2022\/07\/espace-enfants_Linet-Szyling_13-300x200.jpg 300w, https:\/\/espacefemmes.org\/wp-content\/uploads\/2022\/07\/espace-enfants_Linet-Szyling_13-1024x683.jpg 1024w, https:\/\/espacefemmes.org\/wp-content\/uploads\/2022\/07\/espace-enfants_Linet-Szyling_13-768x512.jpg 768w, https:\/\/espacefemmes.org\/wp-content\/uploads\/2022\/07\/espace-enfants_Linet-Szyling_13-1536x1024.jpg 1536w\" sizes=\"(max-width: 1920px) 100vw, 1920px\" \/><\/figure>\n\n\n\n<figure class=\"wp-block-image size-large\"><img decoding=\"async\" width=\"1920\" height=\"1440\" data-id=\"930\" src=\"http:\/\/espacefemmes.org\/wp-content\/uploads\/2022\/07\/espace-enfants_locaux_6.jpg\" alt=\"\" class=\"wp-image-930\" srcset=\"https:\/\/espacefemmes.org\/wp-content\/uploads\/2022\/07\/espace-enfants_locaux_6.jpg 1920w, https:\/\/espacefemmes.org\/wp-content\/uploads\/2022\/07\/espace-enfants_locaux_6-300x225.jpg 300w, https:\/\/espacefemmes.org\/wp-content\/uploads\/2022\/07\/espace-enfants_locaux_6-1024x768.jpg 1024w, https:\/\/espacefemmes.org\/wp-content\/uploads\/2022\/07\/espace-enfants_locaux_6-768x576.jpg 768w, https:\/\/espacefemmes.org\/wp-content\/uploads\/2022\/07\/espace-enfants_locaux_6-1536x1152.jpg 1536w\" sizes=\"(max-width: 1920px) 100vw, 1920px\" \/><\/figure>\n\n\n\n<figure class=\"wp-block-image size-large\"><img decoding=\"async\" width=\"1024\" height=\"683\" data-id=\"927\" src=\"https:\/\/espacefemmes.org\/wp-content\/uploads\/2022\/07\/espace-enfants_Linet-Szyling_2-1024x683.jpg\" alt=\"\" class=\"wp-image-927\" srcset=\"https:\/\/espacefemmes.org\/wp-content\/uploads\/2022\/07\/espace-enfants_Linet-Szyling_2-1024x683.jpg 1024w, https:\/\/espacefemmes.org\/wp-content\/uploads\/2022\/07\/espace-enfants_Linet-Szyling_2-300x200.jpg 300w, https:\/\/espacefemmes.org\/wp-content\/uploads\/2022\/07\/espace-enfants_Linet-Szyling_2-768x512.jpg 768w, https:\/\/espacefemmes.org\/wp-content\/uploads\/2022\/07\/espace-enfants_Linet-Szyling_2-1536x1024.jpg 1536w, https:\/\/espacefemmes.org\/wp-content\/uploads\/2022\/07\/espace-enfants_Linet-Szyling_2.jpg 1920w\" sizes=\"(max-width: 1024px) 100vw, 1024px\" \/><\/figure>\n<\/figure>\n","protected":false},"excerpt":{"rendered":"<p>Diese Betreuungseinrichtung f\u00fcr Kinder im Vorschulalter ist in unsere R\u00e4umlichkeiten in Freiburg integriert. Sie erm\u00f6glicht den Nutzerinnen die Teilnahme an den Aktivit\u00e4ten des Vereins und bietet ihren Kindern einen Ort der Sozialisierung und die M\u00f6glichkeit, schon fr\u00fch die franz\u00f6sische Sprache zu lernen. Der&nbsp;Kinderraum&nbsp;ist ein wichtiger Sozialisierungsort. Der erste Betreuungstag ist oft auch die erste Trennung [&hellip;]<\/p>\n","protected":false},"author":1,"featured_media":1209,"parent":0,"menu_order":30,"comment_status":"closed","ping_status":"closed","template":"","meta":{"inline_featured_image":false,"footnotes":""},"class_list":["post-368","page","type-page","status-publish","has-post-thumbnail","hentry"],"yoast_head":"<!-- This site is optimized with the Yoast SEO plugin v27.5 - https:\/\/yoast.com\/product\/yoast-seo-wordpress\/ -->\n<title>Kinderraum - espacefemmes-frauenraum<\/title>\n<meta name=\"robots\" content=\"index, follow, max-snippet:-1, max-image-preview:large, max-video-preview:-1\" \/>\n<link rel=\"canonical\" href=\"https:\/\/espacefemmes.org\/de\/kinderraum\/\" \/>\n<meta property=\"og:locale\" content=\"de_DE\" \/>\n<meta property=\"og:type\" content=\"article\" \/>\n<meta property=\"og:title\" content=\"Kinderraum - espacefemmes-frauenraum\" \/>\n<meta property=\"og:description\" content=\"Diese Betreuungseinrichtung f\u00fcr Kinder im Vorschulalter ist in unsere R\u00e4umlichkeiten in Freiburg integriert. Sie erm\u00f6glicht den Nutzerinnen die Teilnahme an den Aktivit\u00e4ten des Vereins und bietet ihren Kindern einen Ort der Sozialisierung und die M\u00f6glichkeit, schon fr\u00fch die franz\u00f6sische Sprache zu lernen. Der&nbsp;Kinderraum&nbsp;ist ein wichtiger Sozialisierungsort. Der erste Betreuungstag ist oft auch die erste Trennung [&hellip;]\" \/>\n<meta property=\"og:url\" content=\"https:\/\/espacefemmes.org\/de\/kinderraum\/\" \/>\n<meta property=\"og:site_name\" content=\"espacefemmes-frauenraum\" \/>\n<meta property=\"article:modified_time\" content=\"2022-11-08T07:42:37+00:00\" \/>\n<meta property=\"og:image\" content=\"https:\/\/espacefemmes.org\/wp-content\/uploads\/2022\/07\/espacefemmes-header-enfants.png\" \/>\n\t<meta property=\"og:image:width\" content=\"2200\" \/>\n\t<meta property=\"og:image:height\" content=\"500\" \/>\n\t<meta property=\"og:image:type\" content=\"image\/png\" \/>\n<meta name=\"twitter:card\" content=\"summary_large_image\" \/>\n<meta name=\"twitter:label1\" content=\"Gesch\u00e4tzte Lesezeit\" \/>\n\t<meta name=\"twitter:data1\" content=\"3\u00a0Minuten\" \/>\n<script type=\"application\/ld+json\" class=\"yoast-schema-graph\">{\"@context\":\"https:\\\/\\\/schema.org\",\"@graph\":[{\"@type\":\"WebPage\",\"@id\":\"https:\\\/\\\/espacefemmes.org\\\/de\\\/kinderraum\\\/\",\"url\":\"https:\\\/\\\/espacefemmes.org\\\/de\\\/kinderraum\\\/\",\"name\":\"Kinderraum - espacefemmes-frauenraum\",\"isPartOf\":{\"@id\":\"https:\\\/\\\/espacefemmes.org\\\/#website\"},\"primaryImageOfPage\":{\"@id\":\"https:\\\/\\\/espacefemmes.org\\\/de\\\/kinderraum\\\/#primaryimage\"},\"image\":{\"@id\":\"https:\\\/\\\/espacefemmes.org\\\/de\\\/kinderraum\\\/#primaryimage\"},\"thumbnailUrl\":\"https:\\\/\\\/espacefemmes.org\\\/wp-content\\\/uploads\\\/2022\\\/07\\\/espacefemmes-header-enfants.png\",\"datePublished\":\"2022-06-10T12:04:12+00:00\",\"dateModified\":\"2022-11-08T07:42:37+00:00\",\"breadcrumb\":{\"@id\":\"https:\\\/\\\/espacefemmes.org\\\/de\\\/kinderraum\\\/#breadcrumb\"},\"inLanguage\":\"de\",\"potentialAction\":[{\"@type\":\"ReadAction\",\"target\":[\"https:\\\/\\\/espacefemmes.org\\\/de\\\/kinderraum\\\/\"]}]},{\"@type\":\"ImageObject\",\"inLanguage\":\"de\",\"@id\":\"https:\\\/\\\/espacefemmes.org\\\/de\\\/kinderraum\\\/#primaryimage\",\"url\":\"https:\\\/\\\/espacefemmes.org\\\/wp-content\\\/uploads\\\/2022\\\/07\\\/espacefemmes-header-enfants.png\",\"contentUrl\":\"https:\\\/\\\/espacefemmes.org\\\/wp-content\\\/uploads\\\/2022\\\/07\\\/espacefemmes-header-enfants.png\",\"width\":2200,\"height\":500},{\"@type\":\"BreadcrumbList\",\"@id\":\"https:\\\/\\\/espacefemmes.org\\\/de\\\/kinderraum\\\/#breadcrumb\",\"itemListElement\":[{\"@type\":\"ListItem\",\"position\":1,\"name\":\"Home\",\"item\":\"https:\\\/\\\/espacefemmes.org\\\/de\\\/\"},{\"@type\":\"ListItem\",\"position\":2,\"name\":\"Kinderraum\"}]},{\"@type\":\"WebSite\",\"@id\":\"https:\\\/\\\/espacefemmes.org\\\/#website\",\"url\":\"https:\\\/\\\/espacefemmes.org\\\/\",\"name\":\"espacefemmes-frauenraum\",\"description\":\"S\u2019informer, se former, s\u2019affirmer\",\"potentialAction\":[{\"@type\":\"SearchAction\",\"target\":{\"@type\":\"EntryPoint\",\"urlTemplate\":\"https:\\\/\\\/espacefemmes.org\\\/?s={search_term_string}\"},\"query-input\":{\"@type\":\"PropertyValueSpecification\",\"valueRequired\":true,\"valueName\":\"search_term_string\"}}],\"inLanguage\":\"de\"}]}<\/script>\n<!-- \/ Yoast SEO plugin. -->","yoast_head_json":{"title":"Kinderraum - espacefemmes-frauenraum","robots":{"index":"index","follow":"follow","max-snippet":"max-snippet:-1","max-image-preview":"max-image-preview:large","max-video-preview":"max-video-preview:-1"},"canonical":"https:\/\/espacefemmes.org\/de\/kinderraum\/","og_locale":"de_DE","og_type":"article","og_title":"Kinderraum - espacefemmes-frauenraum","og_description":"Diese Betreuungseinrichtung f\u00fcr Kinder im Vorschulalter ist in unsere R\u00e4umlichkeiten in Freiburg integriert. Sie erm\u00f6glicht den Nutzerinnen die Teilnahme an den Aktivit\u00e4ten des Vereins und bietet ihren Kindern einen Ort der Sozialisierung und die M\u00f6glichkeit, schon fr\u00fch die franz\u00f6sische Sprache zu lernen. Der&nbsp;Kinderraum&nbsp;ist ein wichtiger Sozialisierungsort. Der erste Betreuungstag ist oft auch die erste Trennung [&hellip;]","og_url":"https:\/\/espacefemmes.org\/de\/kinderraum\/","og_site_name":"espacefemmes-frauenraum","article_modified_time":"2022-11-08T07:42:37+00:00","og_image":[{"width":2200,"height":500,"url":"https:\/\/espacefemmes.org\/wp-content\/uploads\/2022\/07\/espacefemmes-header-enfants.png","type":"image\/png"}],"twitter_card":"summary_large_image","twitter_misc":{"Gesch\u00e4tzte Lesezeit":"3\u00a0Minuten"},"schema":{"@context":"https:\/\/schema.org","@graph":[{"@type":"WebPage","@id":"https:\/\/espacefemmes.org\/de\/kinderraum\/","url":"https:\/\/espacefemmes.org\/de\/kinderraum\/","name":"Kinderraum - espacefemmes-frauenraum","isPartOf":{"@id":"https:\/\/espacefemmes.org\/#website"},"primaryImageOfPage":{"@id":"https:\/\/espacefemmes.org\/de\/kinderraum\/#primaryimage"},"image":{"@id":"https:\/\/espacefemmes.org\/de\/kinderraum\/#primaryimage"},"thumbnailUrl":"https:\/\/espacefemmes.org\/wp-content\/uploads\/2022\/07\/espacefemmes-header-enfants.png","datePublished":"2022-06-10T12:04:12+00:00","dateModified":"2022-11-08T07:42:37+00:00","breadcrumb":{"@id":"https:\/\/espacefemmes.org\/de\/kinderraum\/#breadcrumb"},"inLanguage":"de","potentialAction":[{"@type":"ReadAction","target":["https:\/\/espacefemmes.org\/de\/kinderraum\/"]}]},{"@type":"ImageObject","inLanguage":"de","@id":"https:\/\/espacefemmes.org\/de\/kinderraum\/#primaryimage","url":"https:\/\/espacefemmes.org\/wp-content\/uploads\/2022\/07\/espacefemmes-header-enfants.png","contentUrl":"https:\/\/espacefemmes.org\/wp-content\/uploads\/2022\/07\/espacefemmes-header-enfants.png","width":2200,"height":500},{"@type":"BreadcrumbList","@id":"https:\/\/espacefemmes.org\/de\/kinderraum\/#breadcrumb","itemListElement":[{"@type":"ListItem","position":1,"name":"Home","item":"https:\/\/espacefemmes.org\/de\/"},{"@type":"ListItem","position":2,"name":"Kinderraum"}]},{"@type":"WebSite","@id":"https:\/\/espacefemmes.org\/#website","url":"https:\/\/espacefemmes.org\/","name":"espacefemmes-frauenraum","description":"S\u2019informer, se former, s\u2019affirmer","potentialAction":[{"@type":"SearchAction","target":{"@type":"EntryPoint","urlTemplate":"https:\/\/espacefemmes.org\/?s={search_term_string}"},"query-input":{"@type":"PropertyValueSpecification","valueRequired":true,"valueName":"search_term_string"}}],"inLanguage":"de"}]}},"meta_box":[],"_links":{"self":[{"href":"https:\/\/espacefemmes.org\/de\/wp-json\/wp\/v2\/pages\/368","targetHints":{"allow":["GET"]}}],"collection":[{"href":"https:\/\/espacefemmes.org\/de\/wp-json\/wp\/v2\/pages"}],"about":[{"href":"https:\/\/espacefemmes.org\/de\/wp-json\/wp\/v2\/types\/page"}],"author":[{"embeddable":true,"href":"https:\/\/espacefemmes.org\/de\/wp-json\/wp\/v2\/users\/1"}],"replies":[{"embeddable":true,"href":"https:\/\/espacefemmes.org\/de\/wp-json\/wp\/v2\/comments?post=368"}],"version-history":[{"count":10,"href":"https:\/\/espacefemmes.org\/de\/wp-json\/wp\/v2\/pages\/368\/revisions"}],"predecessor-version":[{"id":3769,"href":"https:\/\/espacefemmes.org\/de\/wp-json\/wp\/v2\/pages\/368\/revisions\/3769"}],"wp:featuredmedia":[{"embeddable":true,"href":"https:\/\/espacefemmes.org\/de\/wp-json\/wp\/v2\/media\/1209"}],"wp:attachment":[{"href":"https:\/\/espacefemmes.org\/de\/wp-json\/wp\/v2\/media?parent=368"}],"curies":[{"name":"wp","href":"https:\/\/api.w.org\/{rel}","templated":true}]}}