{"id":1937,"date":"2022-06-27T13:23:56","date_gmt":"2022-06-27T11:23:56","guid":{"rendered":"https:\/\/espacefemmes.org\/?page_id=1937"},"modified":"2024-07-03T23:34:13","modified_gmt":"2024-07-03T21:34:13","slug":"teilnehmen","status":"publish","type":"page","link":"https:\/\/espacefemmes.org\/de\/teilnehmen\/","title":{"rendered":"Teilnehmen"},"content":{"rendered":"\n<h2 class=\"wp-block-heading mb50\">Und wenn Sie bei espacefemmes-frauenraum mitmachen?<\/h2>\n\n\n\n<p>Es gibt sehr viele M\u00f6glichkeiten der Beteiligung, alle sind wichtig! Sei es mit der Zahlung des Mitgliederbeitrags, einer Spende, einer Patenschaft, einer Schenkung oder durch Ihre Mitarbeit als Freiwillige &#8211; in jedem Fall erm\u00f6glichen Sie zahlreichen Frauen die Entfaltung ihres Potentials zur sozialen und beruflichen Eingliederung.<\/p>\n\n\n\n<p>Von Herzen&nbsp;danken&nbsp;wir Ihnen f\u00fcr Ihre Unterst\u00fctzung, dank welcher&nbsp;frauenraum seine Aufgabe weiterhin erf\u00fcllen kann.&nbsp;<\/p>\n\n\n\n<p>Spenden an&nbsp;espacefemmes-frauenraum als anerkannten gemeinn\u00fctzigen Verein k\u00f6nnen von den Steuern abgezogen werden.<\/p>\n\n\n\n<p><\/p>\n\n\n\n<div class=\"wp-block-columns blocs-3 is-layout-flex wp-container-core-columns-is-layout-9d6595d7 wp-block-columns-is-layout-flex\">\n<div class=\"wp-block-column is-layout-flow wp-block-column-is-layout-flow\">\n<h3 class=\"wp-block-heading has-text-align-center\"><a href=\"https:\/\/espacefemmes.org\/de\/teilnehmen\/mitglied-werden\/\">Mitglied werden<\/a><\/h3>\n\n\n\n<p class=\"has-text-align-center\">Dank den Mitgliederbeitr\u00e4gen kann der Verein die Durchf\u00fchrung seiner Aktivit\u00e4ten garantieren und seine Aufgabe im Bereich der sozialen und beruflichen Eingliederung wahrnehmen.<\/p>\n<\/div>\n\n\n\n<div class=\"wp-block-column is-layout-flow wp-block-column-is-layout-flow\">\n<h3 class=\"wp-block-heading has-text-align-center\"><a href=\"https:\/\/espacefemmes.org\/de\/teilnehmen\/freiwillige-werden\/\">Freiwillige werden<\/a><\/h3>\n\n\n\n<p class=\"has-text-align-center\">Werden Sie Teil des sch\u00f6nen, grossen, interkulturellen und solidarischen Teams der Freiwilligen von espacefemmes-frauenraum.<\/p>\n<\/div>\n\n\n\n<div class=\"wp-block-column is-layout-flow wp-block-column-is-layout-flow\">\n<h3 class=\"wp-block-heading has-text-align-center\"><a href=\"https:\/\/espacefemmes.org\/de\/teilnehmen\/patin-werden\/\">Patin werden<\/a><\/h3>\n\n\n\n<p class=\"has-text-align-center\">espacefemmes-frauenraum hat festgestellt, dass zu viele Frauen aus finanziellen Gr\u00fcnden auf einen Kurs verzichten.<\/p>\n<\/div>\n<\/div>\n\n\n\n<div class=\"wp-block-columns blocs-3 is-layout-flex wp-container-core-columns-is-layout-9d6595d7 wp-block-columns-is-layout-flex\">\n<div class=\"wp-block-column is-layout-flow wp-block-column-is-layout-flow\">\n<h3 class=\"wp-block-heading has-text-align-center\"><a href=\"https:\/\/espacefemmes.org\/de\/teilnehmen\/spenden\/\">Spenden<\/a><\/h3>\n\n\n\n<p class=\"has-text-align-center\">Mit einer Spende unterst\u00fctzen Sie Frauen jeglicher Herkunft und setzen ein Zeichen Ihrer Solidarit\u00e4t.<\/p>\n<\/div>\n\n\n\n<div class=\"wp-block-column is-layout-flow wp-block-column-is-layout-flow\">\n<h3 class=\"wp-block-heading has-text-align-center\"><a href=\"\/de\/teilnehmen\/offene-stellen\/\">Offene Stellen<\/a><\/h3>\n\n\n\n<p class=\"has-text-align-center\">Hier finden Sie das Angebot an freien Stellen oder offenen Praktikumsstellen des Vereins.<\/p>\n<\/div>\n\n\n\n<div class=\"wp-block-column is-layout-flow wp-block-column-is-layout-flow\">\n<h3 class=\"wp-block-heading has-text-align-center\"><a href=\"https:\/\/espacefemmes.org\/de\/teilnehmen\/vorschlag-fuer-eine-aktivitaet\/\">Vorschlag f\u00fcr eine Aktivit\u00e4t<\/a><\/h3>\n\n\n\n<p class=\"has-text-align-center\">Geschlechtertrennung, Empowerment sowie Inklusion stehen im Mittelpunkt der Arbeit von espacefemmes-frauenraum.<\/p>\n<\/div>\n<\/div>\n","protected":false},"excerpt":{"rendered":"<p>Und wenn Sie bei espacefemmes-frauenraum mitmachen? Es gibt sehr viele M\u00f6glichkeiten der Beteiligung, alle sind wichtig! Sei es mit der Zahlung des Mitgliederbeitrags, einer Spende, einer Patenschaft, einer Schenkung oder durch Ihre Mitarbeit als Freiwillige &#8211; in jedem Fall erm\u00f6glichen Sie zahlreichen Frauen die Entfaltung ihres Potentials zur sozialen und beruflichen Eingliederung. Von Herzen&nbsp;danken&nbsp;wir Ihnen [&hellip;]<\/p>\n","protected":false},"author":2,"featured_media":0,"parent":0,"menu_order":0,"comment_status":"closed","ping_status":"closed","template":"","meta":{"inline_featured_image":false,"footnotes":""},"class_list":["post-1937","page","type-page","status-publish","hentry"],"yoast_head":"<!-- This site is optimized with the Yoast SEO plugin v27.4 - https:\/\/yoast.com\/product\/yoast-seo-wordpress\/ -->\n<title>Teilnehmen - espacefemmes-frauenraum<\/title>\n<meta name=\"robots\" content=\"index, follow, max-snippet:-1, max-image-preview:large, max-video-preview:-1\" \/>\n<link rel=\"canonical\" href=\"https:\/\/espacefemmes.org\/de\/teilnehmen\/\" \/>\n<meta property=\"og:locale\" content=\"de_DE\" \/>\n<meta property=\"og:type\" content=\"article\" \/>\n<meta property=\"og:title\" content=\"Teilnehmen - espacefemmes-frauenraum\" \/>\n<meta property=\"og:description\" content=\"Und wenn Sie bei espacefemmes-frauenraum mitmachen? Es gibt sehr viele M\u00f6glichkeiten der Beteiligung, alle sind wichtig! Sei es mit der Zahlung des Mitgliederbeitrags, einer Spende, einer Patenschaft, einer Schenkung oder durch Ihre Mitarbeit als Freiwillige &#8211; in jedem Fall erm\u00f6glichen Sie zahlreichen Frauen die Entfaltung ihres Potentials zur sozialen und beruflichen Eingliederung. Von Herzen&nbsp;danken&nbsp;wir Ihnen [&hellip;]\" \/>\n<meta property=\"og:url\" content=\"https:\/\/espacefemmes.org\/de\/teilnehmen\/\" \/>\n<meta property=\"og:site_name\" content=\"espacefemmes-frauenraum\" \/>\n<meta property=\"article:modified_time\" content=\"2024-07-03T21:34:13+00:00\" \/>\n<meta name=\"twitter:card\" content=\"summary_large_image\" \/>\n<meta name=\"twitter:label1\" content=\"Gesch\u00e4tzte Lesezeit\" \/>\n\t<meta name=\"twitter:data1\" content=\"1\u00a0Minute\" \/>\n<script type=\"application\/ld+json\" class=\"yoast-schema-graph\">{\"@context\":\"https:\\\/\\\/schema.org\",\"@graph\":[{\"@type\":\"WebPage\",\"@id\":\"https:\\\/\\\/espacefemmes.org\\\/de\\\/teilnehmen\\\/\",\"url\":\"https:\\\/\\\/espacefemmes.org\\\/de\\\/teilnehmen\\\/\",\"name\":\"Teilnehmen - espacefemmes-frauenraum\",\"isPartOf\":{\"@id\":\"https:\\\/\\\/espacefemmes.org\\\/#website\"},\"datePublished\":\"2022-06-27T11:23:56+00:00\",\"dateModified\":\"2024-07-03T21:34:13+00:00\",\"breadcrumb\":{\"@id\":\"https:\\\/\\\/espacefemmes.org\\\/de\\\/teilnehmen\\\/#breadcrumb\"},\"inLanguage\":\"de\",\"potentialAction\":[{\"@type\":\"ReadAction\",\"target\":[\"https:\\\/\\\/espacefemmes.org\\\/de\\\/teilnehmen\\\/\"]}]},{\"@type\":\"BreadcrumbList\",\"@id\":\"https:\\\/\\\/espacefemmes.org\\\/de\\\/teilnehmen\\\/#breadcrumb\",\"itemListElement\":[{\"@type\":\"ListItem\",\"position\":1,\"name\":\"Home\",\"item\":\"https:\\\/\\\/espacefemmes.org\\\/de\\\/\"},{\"@type\":\"ListItem\",\"position\":2,\"name\":\"Teilnehmen\"}]},{\"@type\":\"WebSite\",\"@id\":\"https:\\\/\\\/espacefemmes.org\\\/#website\",\"url\":\"https:\\\/\\\/espacefemmes.org\\\/\",\"name\":\"espacefemmes-frauenraum\",\"description\":\"S\u2019informer, se former, s\u2019affirmer\",\"potentialAction\":[{\"@type\":\"SearchAction\",\"target\":{\"@type\":\"EntryPoint\",\"urlTemplate\":\"https:\\\/\\\/espacefemmes.org\\\/?s={search_term_string}\"},\"query-input\":{\"@type\":\"PropertyValueSpecification\",\"valueRequired\":true,\"valueName\":\"search_term_string\"}}],\"inLanguage\":\"de\"}]}<\/script>\n<!-- \/ Yoast SEO plugin. -->","yoast_head_json":{"title":"Teilnehmen - espacefemmes-frauenraum","robots":{"index":"index","follow":"follow","max-snippet":"max-snippet:-1","max-image-preview":"max-image-preview:large","max-video-preview":"max-video-preview:-1"},"canonical":"https:\/\/espacefemmes.org\/de\/teilnehmen\/","og_locale":"de_DE","og_type":"article","og_title":"Teilnehmen - espacefemmes-frauenraum","og_description":"Und wenn Sie bei espacefemmes-frauenraum mitmachen? Es gibt sehr viele M\u00f6glichkeiten der Beteiligung, alle sind wichtig! Sei es mit der Zahlung des Mitgliederbeitrags, einer Spende, einer Patenschaft, einer Schenkung oder durch Ihre Mitarbeit als Freiwillige &#8211; in jedem Fall erm\u00f6glichen Sie zahlreichen Frauen die Entfaltung ihres Potentials zur sozialen und beruflichen Eingliederung. Von Herzen&nbsp;danken&nbsp;wir Ihnen [&hellip;]","og_url":"https:\/\/espacefemmes.org\/de\/teilnehmen\/","og_site_name":"espacefemmes-frauenraum","article_modified_time":"2024-07-03T21:34:13+00:00","twitter_card":"summary_large_image","twitter_misc":{"Gesch\u00e4tzte Lesezeit":"1\u00a0Minute"},"schema":{"@context":"https:\/\/schema.org","@graph":[{"@type":"WebPage","@id":"https:\/\/espacefemmes.org\/de\/teilnehmen\/","url":"https:\/\/espacefemmes.org\/de\/teilnehmen\/","name":"Teilnehmen - espacefemmes-frauenraum","isPartOf":{"@id":"https:\/\/espacefemmes.org\/#website"},"datePublished":"2022-06-27T11:23:56+00:00","dateModified":"2024-07-03T21:34:13+00:00","breadcrumb":{"@id":"https:\/\/espacefemmes.org\/de\/teilnehmen\/#breadcrumb"},"inLanguage":"de","potentialAction":[{"@type":"ReadAction","target":["https:\/\/espacefemmes.org\/de\/teilnehmen\/"]}]},{"@type":"BreadcrumbList","@id":"https:\/\/espacefemmes.org\/de\/teilnehmen\/#breadcrumb","itemListElement":[{"@type":"ListItem","position":1,"name":"Home","item":"https:\/\/espacefemmes.org\/de\/"},{"@type":"ListItem","position":2,"name":"Teilnehmen"}]},{"@type":"WebSite","@id":"https:\/\/espacefemmes.org\/#website","url":"https:\/\/espacefemmes.org\/","name":"espacefemmes-frauenraum","description":"S\u2019informer, se former, s\u2019affirmer","potentialAction":[{"@type":"SearchAction","target":{"@type":"EntryPoint","urlTemplate":"https:\/\/espacefemmes.org\/?s={search_term_string}"},"query-input":{"@type":"PropertyValueSpecification","valueRequired":true,"valueName":"search_term_string"}}],"inLanguage":"de"}]}},"meta_box":[],"_links":{"self":[{"href":"https:\/\/espacefemmes.org\/de\/wp-json\/wp\/v2\/pages\/1937","targetHints":{"allow":["GET"]}}],"collection":[{"href":"https:\/\/espacefemmes.org\/de\/wp-json\/wp\/v2\/pages"}],"about":[{"href":"https:\/\/espacefemmes.org\/de\/wp-json\/wp\/v2\/types\/page"}],"author":[{"embeddable":true,"href":"https:\/\/espacefemmes.org\/de\/wp-json\/wp\/v2\/users\/2"}],"replies":[{"embeddable":true,"href":"https:\/\/espacefemmes.org\/de\/wp-json\/wp\/v2\/comments?post=1937"}],"version-history":[{"count":17,"href":"https:\/\/espacefemmes.org\/de\/wp-json\/wp\/v2\/pages\/1937\/revisions"}],"predecessor-version":[{"id":8337,"href":"https:\/\/espacefemmes.org\/de\/wp-json\/wp\/v2\/pages\/1937\/revisions\/8337"}],"wp:attachment":[{"href":"https:\/\/espacefemmes.org\/de\/wp-json\/wp\/v2\/media?parent=1937"}],"curies":[{"name":"wp","href":"https:\/\/api.w.org\/{rel}","templated":true}]}}