{"id":1929,"date":"2022-06-27T12:19:32","date_gmt":"2022-06-27T10:19:32","guid":{"rendered":"https:\/\/espacefemmes.org\/?page_id=1929"},"modified":"2023-10-25T16:25:34","modified_gmt":"2023-10-25T14:25:34","slug":"preispolitik","status":"publish","type":"page","link":"https:\/\/espacefemmes.org\/de\/die-organisation\/preispolitik\/","title":{"rendered":"Preispolitik"},"content":{"rendered":"\n<div class=\"wp-block-columns is-layout-flex wp-container-core-columns-is-layout-9d6595d7 wp-block-columns-is-layout-flex\">\n<div class=\"wp-block-column is-layout-flow wp-block-column-is-layout-flow\" style=\"flex-basis:66.66%\">\n<h2 class=\"wp-block-heading\"><\/h2>\n\n\n\n<p>Der Verein h\u00e4lt die Preise niedrig, damit Frauen, die das wollen, sich ausbilden, sich behaupten und sich informieren k\u00f6nnen. Die erhobenen Preise, zu denen noch die Subventionen hinzukommen, m\u00fcssen es espacefemmes-frauenraum erlauben, die Leiterinnen der Sprachkurse und der anderen Aktivit\u00e4ten, die qualifizierte Fachkr\u00e4fte sind, zu entlohnen.<\/p>\n<\/div>\n\n\n\n<div class=\"wp-block-column is-layout-flow wp-block-column-is-layout-flow\" style=\"flex-basis:33.33%\"><\/div>\n<\/div>\n\n\n\n<h2 class=\"wp-block-heading\">Sprachkurse<\/h2>\n\n\n\n<div class=\"wp-block-columns is-layout-flex wp-container-core-columns-is-layout-9d6595d7 wp-block-columns-is-layout-flex\">\n<div class=\"wp-block-column is-vertically-aligned-center is-layout-flow wp-block-column-is-layout-flow\" style=\"flex-basis:50%\">\n<p>Damit die Sprachkurse auch f\u00fcr Frauen mit wenigen finanziellen Mitteln zug\u00e4nglich sind, werden sie grossz\u00fcgig vom Kantonalen Integrationsprogramm (KIP) unterst\u00fctzt.<\/p>\n\n\n\n<p>Der Tarif f\u00fcr Sozialpartner, welche die Teilnehmerinnen unterst\u00fctzen: vgl. <a href=\"https:\/\/espacefemmes.org\/wp-content\/uploads\/2022\/07\/DE_mis_104.pdf\" target=\"_blank\" rel=\"noreferrer noopener\">Sozialhilfe Eingliederungsmassnahmen (SEM104)<\/a>.<\/p>\n<\/div>\n\n\n\n<div class=\"wp-block-column is-vertically-aligned-center has-background is-layout-flow wp-block-column-is-layout-flow\" style=\"background-color:#7b5968;flex-basis:50%\">\n<div class=\"wp-block-group p-4\"><div class=\"wp-block-group__inner-container is-layout-flow wp-block-group-is-layout-flow\">\n<p class=\"has-text-align-left has-white-color has-text-color has-medium-font-size\"><strong>   Tarife, die die Teilnehmerinnen bezahlen:<\/strong><\/p>\n\n\n\n<ul class=\"has-white-color has-text-color has-medium-font-size wp-block-list\">\n<li>Sprachkurs, 2 Mal pro Woche:      <strong>100.-\/Monat<\/strong><\/li>\n\n\n\n<li>Einschreibegeb\u00fchr:                             <strong>35.-\/Jahr<\/strong><\/li>\n<\/ul>\n<\/div><\/div>\n<\/div>\n<\/div>\n\n\n\n<h2 class=\"wp-block-heading\">Aktivit\u00e4ten<\/h2>\n\n\n\n<p>Der Preis der kostenpflichtigen Aktivt\u00e4ten ber\u00fccksichtigt die verschiedenen finanziellen Situationen. Jede Teilnehmerin wird ermuntert, den Preis Standard zu bezahlen. Ist ihre finanzielle Lage momentan jedoch schwierig, kann sie mit der Bezahlung des Tarifs \u00abkleines Budget\u00bb trotzdem an der Aktivit\u00e4t teilnehmen.<\/p>\n\n\n\n<div class=\"wp-block-columns is-layout-flex wp-container-core-columns-is-layout-9d6595d7 wp-block-columns-is-layout-flex\">\n<div class=\"wp-block-column is-vertically-aligned-center has-background is-layout-flow wp-block-column-is-layout-flow\" style=\"background-color:#7b5968\">\n<div class=\"wp-block-group p-4\"><div class=\"wp-block-group__inner-container is-layout-flow wp-block-group-is-layout-flow\">\n<p class=\"has-white-color has-text-color has-medium-font-size\"><strong>   Wenn nichts anderes vermerkt, gilt der Preis pro Stunde der Aktivit\u00e4t:<\/strong><\/p>\n\n\n\n<ul class=\"has-white-color has-text-color has-medium-font-size wp-block-list\">\n<li>Standard:            <strong>15.-<\/strong><\/li>\n\n\n\n<li>Kleines Budget:       <strong>5.-<\/strong><\/li>\n<\/ul>\n<\/div><\/div>\n<\/div>\n\n\n\n<div class=\"wp-block-column is-vertically-aligned-center has-background is-layout-flow wp-block-column-is-layout-flow\" style=\"background-color:#7b5968\">\n<div class=\"wp-block-group p-4\"><div class=\"wp-block-group__inner-container is-layout-flow wp-block-group-is-layout-flow\">\n<p class=\"has-white-color has-text-color has-medium-font-size\"><strong>   Juristische Beratung (30 Minuten):<\/strong><\/p>\n\n\n\n<ul class=\"has-white-color has-text-color has-medium-font-size wp-block-list\">\n<li>Standard :          <strong>45.<strong>&#8211;<\/strong><\/strong><\/li>\n\n\n\n<li>Kleines Budget:      <strong>30.-<\/strong><\/li>\n\n\n\n<li>Solidarisch:            <strong>60.-<\/strong><\/li>\n<\/ul>\n<\/div><\/div>\n<\/div>\n<\/div>\n\n\n\n<p><\/p>\n\n\n\n<div class=\"wp-block-buttons is-layout-flex wp-block-buttons-is-layout-flex\">\n<div class=\"wp-block-button\"><a class=\"wp-block-button__link wp-element-button\" href=\"https:\/\/espacefemmes.org\/de\/die-organisation\/unsere-stuetzen\/\">Unsere St\u00fctzen<\/a><\/div>\n<\/div>\n","protected":false},"excerpt":{"rendered":"<p>Der Verein h\u00e4lt die Preise niedrig, damit Frauen, die das wollen, sich ausbilden, sich behaupten und sich informieren k\u00f6nnen. Die erhobenen Preise, zu denen noch die Subventionen hinzukommen, m\u00fcssen es espacefemmes-frauenraum erlauben, die Leiterinnen der Sprachkurse und der anderen Aktivit\u00e4ten, die qualifizierte Fachkr\u00e4fte sind, zu entlohnen. Sprachkurse Damit die Sprachkurse auch f\u00fcr Frauen mit wenigen [&hellip;]<\/p>\n","protected":false},"author":2,"featured_media":2126,"parent":1923,"menu_order":0,"comment_status":"closed","ping_status":"closed","template":"","meta":{"inline_featured_image":false,"footnotes":""},"class_list":["post-1929","page","type-page","status-publish","has-post-thumbnail","hentry"],"yoast_head":"<!-- This site is optimized with the Yoast SEO plugin v27.4 - https:\/\/yoast.com\/product\/yoast-seo-wordpress\/ -->\n<title>Preispolitik - espacefemmes-frauenraum<\/title>\n<meta name=\"robots\" content=\"index, follow, max-snippet:-1, max-image-preview:large, max-video-preview:-1\" \/>\n<link rel=\"canonical\" href=\"https:\/\/espacefemmes.org\/de\/die-organisation\/preispolitik\/\" \/>\n<meta property=\"og:locale\" content=\"de_DE\" \/>\n<meta property=\"og:type\" content=\"article\" \/>\n<meta property=\"og:title\" content=\"Preispolitik - espacefemmes-frauenraum\" \/>\n<meta property=\"og:description\" content=\"Der Verein h\u00e4lt die Preise niedrig, damit Frauen, die das wollen, sich ausbilden, sich behaupten und sich informieren k\u00f6nnen. Die erhobenen Preise, zu denen noch die Subventionen hinzukommen, m\u00fcssen es espacefemmes-frauenraum erlauben, die Leiterinnen der Sprachkurse und der anderen Aktivit\u00e4ten, die qualifizierte Fachkr\u00e4fte sind, zu entlohnen. Sprachkurse Damit die Sprachkurse auch f\u00fcr Frauen mit wenigen [&hellip;]\" \/>\n<meta property=\"og:url\" content=\"https:\/\/espacefemmes.org\/de\/die-organisation\/preispolitik\/\" \/>\n<meta property=\"og:site_name\" content=\"espacefemmes-frauenraum\" \/>\n<meta property=\"article:modified_time\" content=\"2023-10-25T14:25:34+00:00\" \/>\n<meta property=\"og:image\" content=\"https:\/\/espacefemmes.org\/wp-content\/uploads\/2022\/08\/espacefemmes-header-femmes-graphiques.png\" \/>\n\t<meta property=\"og:image:width\" content=\"2200\" \/>\n\t<meta property=\"og:image:height\" content=\"500\" \/>\n\t<meta property=\"og:image:type\" content=\"image\/png\" \/>\n<meta name=\"twitter:card\" content=\"summary_large_image\" \/>\n<meta name=\"twitter:label1\" content=\"Gesch\u00e4tzte Lesezeit\" \/>\n\t<meta name=\"twitter:data1\" content=\"1\u00a0Minute\" \/>\n<script type=\"application\/ld+json\" class=\"yoast-schema-graph\">{\"@context\":\"https:\\\/\\\/schema.org\",\"@graph\":[{\"@type\":\"WebPage\",\"@id\":\"https:\\\/\\\/espacefemmes.org\\\/de\\\/die-organisation\\\/preispolitik\\\/\",\"url\":\"https:\\\/\\\/espacefemmes.org\\\/de\\\/die-organisation\\\/preispolitik\\\/\",\"name\":\"Preispolitik - espacefemmes-frauenraum\",\"isPartOf\":{\"@id\":\"https:\\\/\\\/espacefemmes.org\\\/#website\"},\"primaryImageOfPage\":{\"@id\":\"https:\\\/\\\/espacefemmes.org\\\/de\\\/die-organisation\\\/preispolitik\\\/#primaryimage\"},\"image\":{\"@id\":\"https:\\\/\\\/espacefemmes.org\\\/de\\\/die-organisation\\\/preispolitik\\\/#primaryimage\"},\"thumbnailUrl\":\"https:\\\/\\\/espacefemmes.org\\\/wp-content\\\/uploads\\\/2022\\\/08\\\/espacefemmes-header-femmes-graphiques.png\",\"datePublished\":\"2022-06-27T10:19:32+00:00\",\"dateModified\":\"2023-10-25T14:25:34+00:00\",\"breadcrumb\":{\"@id\":\"https:\\\/\\\/espacefemmes.org\\\/de\\\/die-organisation\\\/preispolitik\\\/#breadcrumb\"},\"inLanguage\":\"de\",\"potentialAction\":[{\"@type\":\"ReadAction\",\"target\":[\"https:\\\/\\\/espacefemmes.org\\\/de\\\/die-organisation\\\/preispolitik\\\/\"]}]},{\"@type\":\"ImageObject\",\"inLanguage\":\"de\",\"@id\":\"https:\\\/\\\/espacefemmes.org\\\/de\\\/die-organisation\\\/preispolitik\\\/#primaryimage\",\"url\":\"https:\\\/\\\/espacefemmes.org\\\/wp-content\\\/uploads\\\/2022\\\/08\\\/espacefemmes-header-femmes-graphiques.png\",\"contentUrl\":\"https:\\\/\\\/espacefemmes.org\\\/wp-content\\\/uploads\\\/2022\\\/08\\\/espacefemmes-header-femmes-graphiques.png\",\"width\":2200,\"height\":500},{\"@type\":\"BreadcrumbList\",\"@id\":\"https:\\\/\\\/espacefemmes.org\\\/de\\\/die-organisation\\\/preispolitik\\\/#breadcrumb\",\"itemListElement\":[{\"@type\":\"ListItem\",\"position\":1,\"name\":\"Home\",\"item\":\"https:\\\/\\\/espacefemmes.org\\\/de\\\/\"},{\"@type\":\"ListItem\",\"position\":2,\"name\":\"Die Organisation\",\"item\":\"https:\\\/\\\/espacefemmes.org\\\/de\\\/die-organisation\\\/\"},{\"@type\":\"ListItem\",\"position\":3,\"name\":\"Preispolitik\"}]},{\"@type\":\"WebSite\",\"@id\":\"https:\\\/\\\/espacefemmes.org\\\/#website\",\"url\":\"https:\\\/\\\/espacefemmes.org\\\/\",\"name\":\"espacefemmes-frauenraum\",\"description\":\"S\u2019informer, se former, s\u2019affirmer\",\"potentialAction\":[{\"@type\":\"SearchAction\",\"target\":{\"@type\":\"EntryPoint\",\"urlTemplate\":\"https:\\\/\\\/espacefemmes.org\\\/?s={search_term_string}\"},\"query-input\":{\"@type\":\"PropertyValueSpecification\",\"valueRequired\":true,\"valueName\":\"search_term_string\"}}],\"inLanguage\":\"de\"}]}<\/script>\n<!-- \/ Yoast SEO plugin. -->","yoast_head_json":{"title":"Preispolitik - espacefemmes-frauenraum","robots":{"index":"index","follow":"follow","max-snippet":"max-snippet:-1","max-image-preview":"max-image-preview:large","max-video-preview":"max-video-preview:-1"},"canonical":"https:\/\/espacefemmes.org\/de\/die-organisation\/preispolitik\/","og_locale":"de_DE","og_type":"article","og_title":"Preispolitik - espacefemmes-frauenraum","og_description":"Der Verein h\u00e4lt die Preise niedrig, damit Frauen, die das wollen, sich ausbilden, sich behaupten und sich informieren k\u00f6nnen. Die erhobenen Preise, zu denen noch die Subventionen hinzukommen, m\u00fcssen es espacefemmes-frauenraum erlauben, die Leiterinnen der Sprachkurse und der anderen Aktivit\u00e4ten, die qualifizierte Fachkr\u00e4fte sind, zu entlohnen. Sprachkurse Damit die Sprachkurse auch f\u00fcr Frauen mit wenigen [&hellip;]","og_url":"https:\/\/espacefemmes.org\/de\/die-organisation\/preispolitik\/","og_site_name":"espacefemmes-frauenraum","article_modified_time":"2023-10-25T14:25:34+00:00","og_image":[{"width":2200,"height":500,"url":"https:\/\/espacefemmes.org\/wp-content\/uploads\/2022\/08\/espacefemmes-header-femmes-graphiques.png","type":"image\/png"}],"twitter_card":"summary_large_image","twitter_misc":{"Gesch\u00e4tzte Lesezeit":"1\u00a0Minute"},"schema":{"@context":"https:\/\/schema.org","@graph":[{"@type":"WebPage","@id":"https:\/\/espacefemmes.org\/de\/die-organisation\/preispolitik\/","url":"https:\/\/espacefemmes.org\/de\/die-organisation\/preispolitik\/","name":"Preispolitik - espacefemmes-frauenraum","isPartOf":{"@id":"https:\/\/espacefemmes.org\/#website"},"primaryImageOfPage":{"@id":"https:\/\/espacefemmes.org\/de\/die-organisation\/preispolitik\/#primaryimage"},"image":{"@id":"https:\/\/espacefemmes.org\/de\/die-organisation\/preispolitik\/#primaryimage"},"thumbnailUrl":"https:\/\/espacefemmes.org\/wp-content\/uploads\/2022\/08\/espacefemmes-header-femmes-graphiques.png","datePublished":"2022-06-27T10:19:32+00:00","dateModified":"2023-10-25T14:25:34+00:00","breadcrumb":{"@id":"https:\/\/espacefemmes.org\/de\/die-organisation\/preispolitik\/#breadcrumb"},"inLanguage":"de","potentialAction":[{"@type":"ReadAction","target":["https:\/\/espacefemmes.org\/de\/die-organisation\/preispolitik\/"]}]},{"@type":"ImageObject","inLanguage":"de","@id":"https:\/\/espacefemmes.org\/de\/die-organisation\/preispolitik\/#primaryimage","url":"https:\/\/espacefemmes.org\/wp-content\/uploads\/2022\/08\/espacefemmes-header-femmes-graphiques.png","contentUrl":"https:\/\/espacefemmes.org\/wp-content\/uploads\/2022\/08\/espacefemmes-header-femmes-graphiques.png","width":2200,"height":500},{"@type":"BreadcrumbList","@id":"https:\/\/espacefemmes.org\/de\/die-organisation\/preispolitik\/#breadcrumb","itemListElement":[{"@type":"ListItem","position":1,"name":"Home","item":"https:\/\/espacefemmes.org\/de\/"},{"@type":"ListItem","position":2,"name":"Die Organisation","item":"https:\/\/espacefemmes.org\/de\/die-organisation\/"},{"@type":"ListItem","position":3,"name":"Preispolitik"}]},{"@type":"WebSite","@id":"https:\/\/espacefemmes.org\/#website","url":"https:\/\/espacefemmes.org\/","name":"espacefemmes-frauenraum","description":"S\u2019informer, se former, s\u2019affirmer","potentialAction":[{"@type":"SearchAction","target":{"@type":"EntryPoint","urlTemplate":"https:\/\/espacefemmes.org\/?s={search_term_string}"},"query-input":{"@type":"PropertyValueSpecification","valueRequired":true,"valueName":"search_term_string"}}],"inLanguage":"de"}]}},"meta_box":[],"_links":{"self":[{"href":"https:\/\/espacefemmes.org\/de\/wp-json\/wp\/v2\/pages\/1929","targetHints":{"allow":["GET"]}}],"collection":[{"href":"https:\/\/espacefemmes.org\/de\/wp-json\/wp\/v2\/pages"}],"about":[{"href":"https:\/\/espacefemmes.org\/de\/wp-json\/wp\/v2\/types\/page"}],"author":[{"embeddable":true,"href":"https:\/\/espacefemmes.org\/de\/wp-json\/wp\/v2\/users\/2"}],"replies":[{"embeddable":true,"href":"https:\/\/espacefemmes.org\/de\/wp-json\/wp\/v2\/comments?post=1929"}],"version-history":[{"count":17,"href":"https:\/\/espacefemmes.org\/de\/wp-json\/wp\/v2\/pages\/1929\/revisions"}],"predecessor-version":[{"id":6454,"href":"https:\/\/espacefemmes.org\/de\/wp-json\/wp\/v2\/pages\/1929\/revisions\/6454"}],"up":[{"embeddable":true,"href":"https:\/\/espacefemmes.org\/de\/wp-json\/wp\/v2\/pages\/1923"}],"wp:featuredmedia":[{"embeddable":true,"href":"https:\/\/espacefemmes.org\/de\/wp-json\/wp\/v2\/media\/2126"}],"wp:attachment":[{"href":"https:\/\/espacefemmes.org\/de\/wp-json\/wp\/v2\/media?parent=1929"}],"curies":[{"name":"wp","href":"https:\/\/api.w.org\/{rel}","templated":true}]}}