{"id":1859,"date":"2022-07-28T14:33:05","date_gmt":"2022-07-28T12:33:05","guid":{"rendered":"https:\/\/espacefemmes.org\/?page_id=1859"},"modified":"2025-01-24T16:35:16","modified_gmt":"2025-01-24T15:35:16","slug":"unsere-stuetzen","status":"publish","type":"page","link":"https:\/\/espacefemmes.org\/de\/die-organisation\/unsere-stuetzen\/","title":{"rendered":"Unsere St\u00fctzen"},"content":{"rendered":"\n<p>Der Verein finanziert sich durch \u00f6ffentliche Subventionen, die Einnahmen aus den angebotenen Aktivit\u00e4ten, durch Spenden und Schenkungen sowie durch die Mitgliederbeitr\u00e4ge. Die kantonalen und kommunalen \u00c4mter anerkennen die Relevanz und Leistungen des Vereins und unterst\u00fctzen sein Angebot durch Mandate oder Subventionen, die auf konstruktive Art regelm\u00e4ssig evaluiert und angepasst werden &#8211; zugunsten der Frauen von hier und anderswo.<\/p>\n\n\n\n<div class=\"wp-block-columns is-layout-flex wp-container-core-columns-is-layout-9d6595d7 wp-block-columns-is-layout-flex\">\n<div class=\"wp-block-column is-layout-flow wp-block-column-is-layout-flow\">\n<figure class=\"wp-block-image size-full\"><a href=\"https:\/\/www.fr.ch\/de\/sjsd\" target=\"_blank\" rel=\"noreferrer noopener\"><img decoding=\"async\" width=\"700\" height=\"400\" src=\"https:\/\/espacefemmes.org\/wp-content\/uploads\/2022\/08\/dsjs.jpg\" alt=\"\" class=\"wp-image-2131\" srcset=\"https:\/\/espacefemmes.org\/wp-content\/uploads\/2022\/08\/dsjs.jpg 700w, https:\/\/espacefemmes.org\/wp-content\/uploads\/2022\/08\/dsjs-300x171.jpg 300w\" sizes=\"(max-width: 700px) 100vw, 700px\" \/><\/a><\/figure>\n<\/div>\n\n\n\n<div class=\"wp-block-column is-layout-flow wp-block-column-is-layout-flow\">\n<figure class=\"wp-block-image size-full\"><a href=\"https:\/\/www.fr.ch\/de\/gsd\" target=\"_blank\" rel=\"noreferrer noopener\"><img decoding=\"async\" width=\"700\" height=\"400\" src=\"https:\/\/espacefemmes.org\/wp-content\/uploads\/2022\/08\/dsas.jpg\" alt=\"\" class=\"wp-image-2130\" srcset=\"https:\/\/espacefemmes.org\/wp-content\/uploads\/2022\/08\/dsas.jpg 700w, https:\/\/espacefemmes.org\/wp-content\/uploads\/2022\/08\/dsas-300x171.jpg 300w\" sizes=\"(max-width: 700px) 100vw, 700px\" \/><\/a><\/figure>\n<\/div>\n\n\n\n<div class=\"wp-block-column is-layout-flow wp-block-column-is-layout-flow\">\n<figure class=\"wp-block-image size-full\"><a href=\"https:\/\/www.fr.ch\/de\/bkad\" target=\"_blank\" rel=\"noreferrer noopener\"><img decoding=\"async\" width=\"700\" height=\"400\" src=\"https:\/\/espacefemmes.org\/wp-content\/uploads\/2022\/08\/dfac.jpg\" alt=\"\" class=\"wp-image-2129\" srcset=\"https:\/\/espacefemmes.org\/wp-content\/uploads\/2022\/08\/dfac.jpg 700w, https:\/\/espacefemmes.org\/wp-content\/uploads\/2022\/08\/dfac-300x171.jpg 300w\" sizes=\"(max-width: 700px) 100vw, 700px\" \/><\/a><\/figure>\n<\/div>\n<\/div>\n\n\n\n<div class=\"wp-block-columns is-layout-flex wp-container-core-columns-is-layout-9d6595d7 wp-block-columns-is-layout-flex\">\n<div class=\"wp-block-column is-layout-flow wp-block-column-is-layout-flow\">\n<figure class=\"wp-block-image size-full\"><a href=\"https:\/\/www.kip-pic.ch\/de\/\" target=\"_blank\" rel=\"noreferrer noopener\"><img decoding=\"async\" width=\"700\" height=\"400\" src=\"https:\/\/espacefemmes.org\/wp-content\/uploads\/2022\/08\/kip.jpg\" alt=\"\" class=\"wp-image-2132\" srcset=\"https:\/\/espacefemmes.org\/wp-content\/uploads\/2022\/08\/kip.jpg 700w, https:\/\/espacefemmes.org\/wp-content\/uploads\/2022\/08\/kip-300x171.jpg 300w\" sizes=\"(max-width: 700px) 100vw, 700px\" \/><\/a><\/figure>\n<\/div>\n\n\n\n<div class=\"wp-block-column is-layout-flow wp-block-column-is-layout-flow\">\n<figure class=\"wp-block-image size-full\"><a href=\"https:\/\/www.ville-fribourg.ch\/de\" target=\"_blank\" rel=\"noreferrer noopener\"><img decoding=\"async\" width=\"700\" height=\"400\" src=\"https:\/\/espacefemmes.org\/wp-content\/uploads\/2022\/08\/ville-fribourg-logo.jpg\" alt=\"\" class=\"wp-image-2136\" srcset=\"https:\/\/espacefemmes.org\/wp-content\/uploads\/2022\/08\/ville-fribourg-logo.jpg 700w, https:\/\/espacefemmes.org\/wp-content\/uploads\/2022\/08\/ville-fribourg-logo-300x171.jpg 300w\" sizes=\"(max-width: 700px) 100vw, 700px\" \/><\/a><\/figure>\n<\/div>\n\n\n\n<div class=\"wp-block-column is-layout-flow wp-block-column-is-layout-flow\">\n<figure class=\"wp-block-image size-full\"><a href=\"https:\/\/www.loro.ch\/de\/gemeinuetzigkeit\" target=\"_blank\" rel=\"noreferrer noopener\"><img decoding=\"async\" width=\"700\" height=\"400\" src=\"https:\/\/espacefemmes.org\/wp-content\/uploads\/2022\/08\/loterie-romande-logo.jpg\" alt=\"\" class=\"wp-image-2133\" srcset=\"https:\/\/espacefemmes.org\/wp-content\/uploads\/2022\/08\/loterie-romande-logo.jpg 700w, https:\/\/espacefemmes.org\/wp-content\/uploads\/2022\/08\/loterie-romande-logo-300x171.jpg 300w\" sizes=\"(max-width: 700px) 100vw, 700px\" \/><\/a><\/figure>\n<\/div>\n<\/div>\n\n\n\n<div class=\"wp-block-columns is-layout-flex wp-container-core-columns-is-layout-9d6595d7 wp-block-columns-is-layout-flex\">\n<div class=\"wp-block-column is-layout-flow wp-block-column-is-layout-flow\">\n<figure class=\"wp-block-image size-full\"><a href=\"https:\/\/gesundheitsfoerderung.ch\/index.html?_gl=1*10fr502*_ga*MTY2Mjk1OTg2Ny4xNjU4OTMyNzE0*_ga_YG4EVEX5PF*MTY1OTAxMTc1MC4yLjAuMTY1OTAxMTc1MC4w\" target=\"_blank\" rel=\"noreferrer noopener\"><img decoding=\"async\" width=\"700\" height=\"400\" src=\"https:\/\/espacefemmes.org\/wp-content\/uploads\/2022\/08\/pss.jpg\" alt=\"\" class=\"wp-image-2135\" srcset=\"https:\/\/espacefemmes.org\/wp-content\/uploads\/2022\/08\/pss.jpg 700w, https:\/\/espacefemmes.org\/wp-content\/uploads\/2022\/08\/pss-300x171.jpg 300w\" sizes=\"(max-width: 700px) 100vw, 700px\" \/><\/a><\/figure>\n<\/div>\n\n\n\n<div class=\"wp-block-column is-vertically-aligned-center is-layout-flow wp-block-column-is-layout-flow\">\n<figure class=\"wp-block-image size-full\"><img decoding=\"async\" width=\"700\" height=\"400\" src=\"https:\/\/espacefemmes.org\/wp-content\/uploads\/2022\/08\/cronos.jpg\" alt=\"\" class=\"wp-image-2362\" srcset=\"https:\/\/espacefemmes.org\/wp-content\/uploads\/2022\/08\/cronos.jpg 700w, https:\/\/espacefemmes.org\/wp-content\/uploads\/2022\/08\/cronos-300x171.jpg 300w\" sizes=\"(max-width: 700px) 100vw, 700px\" \/><\/figure>\n<\/div>\n\n\n\n<div class=\"wp-block-column is-vertically-aligned-center is-layout-flow wp-block-column-is-layout-flow\">\n<figure class=\"wp-block-image size-full\"><a href=\"https:\/\/www.banquealimentairefribourgeoise.ch\/\" target=\"_blank\" rel=\" noreferrer noopener\"><img decoding=\"async\" width=\"700\" height=\"400\" src=\"https:\/\/espacefemmes.org\/wp-content\/uploads\/2025\/01\/Banque-alimentaire-Fribourgeoise.jpg\" alt=\"\" class=\"wp-image-9505\" srcset=\"https:\/\/espacefemmes.org\/wp-content\/uploads\/2025\/01\/Banque-alimentaire-Fribourgeoise.jpg 700w, https:\/\/espacefemmes.org\/wp-content\/uploads\/2025\/01\/Banque-alimentaire-Fribourgeoise-300x171.jpg 300w\" sizes=\"(max-width: 700px) 100vw, 700px\" \/><\/a><\/figure>\n<\/div>\n<\/div>\n\n\n\n<div class=\"wp-block-columns is-layout-flex wp-container-core-columns-is-layout-9d6595d7 wp-block-columns-is-layout-flex\">\n<div class=\"wp-block-column is-layout-flow wp-block-column-is-layout-flow\">\n<div class=\"wp-block-buttons is-layout-flex wp-block-buttons-is-layout-flex\">\n<div class=\"wp-block-button\"><a class=\"wp-block-button__link wp-element-button\" href=\"https:\/\/espacefemmes.org\/de\/teilnehmen\/spenden\/\">Spenden<\/a><\/div>\n<\/div>\n<\/div>\n\n\n\n<div class=\"wp-block-column is-layout-flow wp-block-column-is-layout-flow\">\n<div class=\"wp-block-buttons is-layout-flex wp-block-buttons-is-layout-flex\">\n<div class=\"wp-block-button\"><a class=\"wp-block-button__link wp-element-button\" href=\"https:\/\/espacefemmes.org\/de\/die-organisation\/preispolitik\/\">Preispolitik<\/a><\/div>\n<\/div>\n<\/div>\n\n\n\n<div class=\"wp-block-column is-layout-flow wp-block-column-is-layout-flow\"><\/div>\n<\/div>\n","protected":false},"excerpt":{"rendered":"<p>Der Verein finanziert sich durch \u00f6ffentliche Subventionen, die Einnahmen aus den angebotenen Aktivit\u00e4ten, durch Spenden und Schenkungen sowie durch die Mitgliederbeitr\u00e4ge. Die kantonalen und kommunalen \u00c4mter anerkennen die Relevanz und Leistungen des Vereins und unterst\u00fctzen sein Angebot durch Mandate oder Subventionen, die auf konstruktive Art regelm\u00e4ssig evaluiert und angepasst werden &#8211; zugunsten der Frauen von [&hellip;]<\/p>\n","protected":false},"author":16,"featured_media":2128,"parent":1923,"menu_order":0,"comment_status":"closed","ping_status":"closed","template":"","meta":{"inline_featured_image":false,"footnotes":""},"class_list":["post-1859","page","type-page","status-publish","has-post-thumbnail","hentry"],"yoast_head":"<!-- This site is optimized with the Yoast SEO plugin v27.4 - https:\/\/yoast.com\/product\/yoast-seo-wordpress\/ -->\n<title>Unsere St\u00fctzen - espacefemmes-frauenraum<\/title>\n<meta name=\"robots\" content=\"index, follow, max-snippet:-1, max-image-preview:large, max-video-preview:-1\" \/>\n<link rel=\"canonical\" href=\"https:\/\/espacefemmes.org\/de\/die-organisation\/unsere-stuetzen\/\" \/>\n<meta property=\"og:locale\" content=\"de_DE\" \/>\n<meta property=\"og:type\" content=\"article\" \/>\n<meta property=\"og:title\" content=\"Unsere St\u00fctzen - espacefemmes-frauenraum\" \/>\n<meta property=\"og:description\" content=\"Der Verein finanziert sich durch \u00f6ffentliche Subventionen, die Einnahmen aus den angebotenen Aktivit\u00e4ten, durch Spenden und Schenkungen sowie durch die Mitgliederbeitr\u00e4ge. Die kantonalen und kommunalen \u00c4mter anerkennen die Relevanz und Leistungen des Vereins und unterst\u00fctzen sein Angebot durch Mandate oder Subventionen, die auf konstruktive Art regelm\u00e4ssig evaluiert und angepasst werden &#8211; zugunsten der Frauen von [&hellip;]\" \/>\n<meta property=\"og:url\" content=\"https:\/\/espacefemmes.org\/de\/die-organisation\/unsere-stuetzen\/\" \/>\n<meta property=\"og:site_name\" content=\"espacefemmes-frauenraum\" \/>\n<meta property=\"article:modified_time\" content=\"2025-01-24T15:35:16+00:00\" \/>\n<meta property=\"og:image\" content=\"https:\/\/espacefemmes.org\/wp-content\/uploads\/2022\/08\/espacefemmes-header-femmes-graphiques-2.png\" \/>\n\t<meta property=\"og:image:width\" content=\"2200\" \/>\n\t<meta property=\"og:image:height\" content=\"500\" \/>\n\t<meta property=\"og:image:type\" content=\"image\/png\" \/>\n<meta name=\"twitter:card\" content=\"summary_large_image\" \/>\n<meta name=\"twitter:label1\" content=\"Gesch\u00e4tzte Lesezeit\" \/>\n\t<meta name=\"twitter:data1\" content=\"3\u00a0Minuten\" \/>\n<script type=\"application\/ld+json\" class=\"yoast-schema-graph\">{\"@context\":\"https:\\\/\\\/schema.org\",\"@graph\":[{\"@type\":\"WebPage\",\"@id\":\"https:\\\/\\\/espacefemmes.org\\\/de\\\/die-organisation\\\/unsere-stuetzen\\\/\",\"url\":\"https:\\\/\\\/espacefemmes.org\\\/de\\\/die-organisation\\\/unsere-stuetzen\\\/\",\"name\":\"Unsere St\u00fctzen - espacefemmes-frauenraum\",\"isPartOf\":{\"@id\":\"https:\\\/\\\/espacefemmes.org\\\/#website\"},\"primaryImageOfPage\":{\"@id\":\"https:\\\/\\\/espacefemmes.org\\\/de\\\/die-organisation\\\/unsere-stuetzen\\\/#primaryimage\"},\"image\":{\"@id\":\"https:\\\/\\\/espacefemmes.org\\\/de\\\/die-organisation\\\/unsere-stuetzen\\\/#primaryimage\"},\"thumbnailUrl\":\"https:\\\/\\\/espacefemmes.org\\\/wp-content\\\/uploads\\\/2022\\\/08\\\/espacefemmes-header-femmes-graphiques-2.png\",\"datePublished\":\"2022-07-28T12:33:05+00:00\",\"dateModified\":\"2025-01-24T15:35:16+00:00\",\"breadcrumb\":{\"@id\":\"https:\\\/\\\/espacefemmes.org\\\/de\\\/die-organisation\\\/unsere-stuetzen\\\/#breadcrumb\"},\"inLanguage\":\"de\",\"potentialAction\":[{\"@type\":\"ReadAction\",\"target\":[\"https:\\\/\\\/espacefemmes.org\\\/de\\\/die-organisation\\\/unsere-stuetzen\\\/\"]}]},{\"@type\":\"ImageObject\",\"inLanguage\":\"de\",\"@id\":\"https:\\\/\\\/espacefemmes.org\\\/de\\\/die-organisation\\\/unsere-stuetzen\\\/#primaryimage\",\"url\":\"https:\\\/\\\/espacefemmes.org\\\/wp-content\\\/uploads\\\/2022\\\/08\\\/espacefemmes-header-femmes-graphiques-2.png\",\"contentUrl\":\"https:\\\/\\\/espacefemmes.org\\\/wp-content\\\/uploads\\\/2022\\\/08\\\/espacefemmes-header-femmes-graphiques-2.png\",\"width\":2200,\"height\":500},{\"@type\":\"BreadcrumbList\",\"@id\":\"https:\\\/\\\/espacefemmes.org\\\/de\\\/die-organisation\\\/unsere-stuetzen\\\/#breadcrumb\",\"itemListElement\":[{\"@type\":\"ListItem\",\"position\":1,\"name\":\"Home\",\"item\":\"https:\\\/\\\/espacefemmes.org\\\/de\\\/\"},{\"@type\":\"ListItem\",\"position\":2,\"name\":\"Die Organisation\",\"item\":\"https:\\\/\\\/espacefemmes.org\\\/de\\\/die-organisation\\\/\"},{\"@type\":\"ListItem\",\"position\":3,\"name\":\"Unsere St\u00fctzen\"}]},{\"@type\":\"WebSite\",\"@id\":\"https:\\\/\\\/espacefemmes.org\\\/#website\",\"url\":\"https:\\\/\\\/espacefemmes.org\\\/\",\"name\":\"espacefemmes-frauenraum\",\"description\":\"S\u2019informer, se former, s\u2019affirmer\",\"potentialAction\":[{\"@type\":\"SearchAction\",\"target\":{\"@type\":\"EntryPoint\",\"urlTemplate\":\"https:\\\/\\\/espacefemmes.org\\\/?s={search_term_string}\"},\"query-input\":{\"@type\":\"PropertyValueSpecification\",\"valueRequired\":true,\"valueName\":\"search_term_string\"}}],\"inLanguage\":\"de\"}]}<\/script>\n<!-- \/ Yoast SEO plugin. -->","yoast_head_json":{"title":"Unsere St\u00fctzen - espacefemmes-frauenraum","robots":{"index":"index","follow":"follow","max-snippet":"max-snippet:-1","max-image-preview":"max-image-preview:large","max-video-preview":"max-video-preview:-1"},"canonical":"https:\/\/espacefemmes.org\/de\/die-organisation\/unsere-stuetzen\/","og_locale":"de_DE","og_type":"article","og_title":"Unsere St\u00fctzen - espacefemmes-frauenraum","og_description":"Der Verein finanziert sich durch \u00f6ffentliche Subventionen, die Einnahmen aus den angebotenen Aktivit\u00e4ten, durch Spenden und Schenkungen sowie durch die Mitgliederbeitr\u00e4ge. Die kantonalen und kommunalen \u00c4mter anerkennen die Relevanz und Leistungen des Vereins und unterst\u00fctzen sein Angebot durch Mandate oder Subventionen, die auf konstruktive Art regelm\u00e4ssig evaluiert und angepasst werden &#8211; zugunsten der Frauen von [&hellip;]","og_url":"https:\/\/espacefemmes.org\/de\/die-organisation\/unsere-stuetzen\/","og_site_name":"espacefemmes-frauenraum","article_modified_time":"2025-01-24T15:35:16+00:00","og_image":[{"width":2200,"height":500,"url":"https:\/\/espacefemmes.org\/wp-content\/uploads\/2022\/08\/espacefemmes-header-femmes-graphiques-2.png","type":"image\/png"}],"twitter_card":"summary_large_image","twitter_misc":{"Gesch\u00e4tzte Lesezeit":"3\u00a0Minuten"},"schema":{"@context":"https:\/\/schema.org","@graph":[{"@type":"WebPage","@id":"https:\/\/espacefemmes.org\/de\/die-organisation\/unsere-stuetzen\/","url":"https:\/\/espacefemmes.org\/de\/die-organisation\/unsere-stuetzen\/","name":"Unsere St\u00fctzen - espacefemmes-frauenraum","isPartOf":{"@id":"https:\/\/espacefemmes.org\/#website"},"primaryImageOfPage":{"@id":"https:\/\/espacefemmes.org\/de\/die-organisation\/unsere-stuetzen\/#primaryimage"},"image":{"@id":"https:\/\/espacefemmes.org\/de\/die-organisation\/unsere-stuetzen\/#primaryimage"},"thumbnailUrl":"https:\/\/espacefemmes.org\/wp-content\/uploads\/2022\/08\/espacefemmes-header-femmes-graphiques-2.png","datePublished":"2022-07-28T12:33:05+00:00","dateModified":"2025-01-24T15:35:16+00:00","breadcrumb":{"@id":"https:\/\/espacefemmes.org\/de\/die-organisation\/unsere-stuetzen\/#breadcrumb"},"inLanguage":"de","potentialAction":[{"@type":"ReadAction","target":["https:\/\/espacefemmes.org\/de\/die-organisation\/unsere-stuetzen\/"]}]},{"@type":"ImageObject","inLanguage":"de","@id":"https:\/\/espacefemmes.org\/de\/die-organisation\/unsere-stuetzen\/#primaryimage","url":"https:\/\/espacefemmes.org\/wp-content\/uploads\/2022\/08\/espacefemmes-header-femmes-graphiques-2.png","contentUrl":"https:\/\/espacefemmes.org\/wp-content\/uploads\/2022\/08\/espacefemmes-header-femmes-graphiques-2.png","width":2200,"height":500},{"@type":"BreadcrumbList","@id":"https:\/\/espacefemmes.org\/de\/die-organisation\/unsere-stuetzen\/#breadcrumb","itemListElement":[{"@type":"ListItem","position":1,"name":"Home","item":"https:\/\/espacefemmes.org\/de\/"},{"@type":"ListItem","position":2,"name":"Die Organisation","item":"https:\/\/espacefemmes.org\/de\/die-organisation\/"},{"@type":"ListItem","position":3,"name":"Unsere St\u00fctzen"}]},{"@type":"WebSite","@id":"https:\/\/espacefemmes.org\/#website","url":"https:\/\/espacefemmes.org\/","name":"espacefemmes-frauenraum","description":"S\u2019informer, se former, s\u2019affirmer","potentialAction":[{"@type":"SearchAction","target":{"@type":"EntryPoint","urlTemplate":"https:\/\/espacefemmes.org\/?s={search_term_string}"},"query-input":{"@type":"PropertyValueSpecification","valueRequired":true,"valueName":"search_term_string"}}],"inLanguage":"de"}]}},"meta_box":[],"_links":{"self":[{"href":"https:\/\/espacefemmes.org\/de\/wp-json\/wp\/v2\/pages\/1859","targetHints":{"allow":["GET"]}}],"collection":[{"href":"https:\/\/espacefemmes.org\/de\/wp-json\/wp\/v2\/pages"}],"about":[{"href":"https:\/\/espacefemmes.org\/de\/wp-json\/wp\/v2\/types\/page"}],"author":[{"embeddable":true,"href":"https:\/\/espacefemmes.org\/de\/wp-json\/wp\/v2\/users\/16"}],"replies":[{"embeddable":true,"href":"https:\/\/espacefemmes.org\/de\/wp-json\/wp\/v2\/comments?post=1859"}],"version-history":[{"count":12,"href":"https:\/\/espacefemmes.org\/de\/wp-json\/wp\/v2\/pages\/1859\/revisions"}],"predecessor-version":[{"id":9510,"href":"https:\/\/espacefemmes.org\/de\/wp-json\/wp\/v2\/pages\/1859\/revisions\/9510"}],"up":[{"embeddable":true,"href":"https:\/\/espacefemmes.org\/de\/wp-json\/wp\/v2\/pages\/1923"}],"wp:featuredmedia":[{"embeddable":true,"href":"https:\/\/espacefemmes.org\/de\/wp-json\/wp\/v2\/media\/2128"}],"wp:attachment":[{"href":"https:\/\/espacefemmes.org\/de\/wp-json\/wp\/v2\/media?parent=1859"}],"curies":[{"name":"wp","href":"https:\/\/api.w.org\/{rel}","templated":true}]}}